{"id":1962,"date":"2024-06-12T18:20:38","date_gmt":"2024-06-12T16:20:38","guid":{"rendered":"https:\/\/nd.gaz69.cz\/?post_type=product&#038;p=1962"},"modified":"2024-06-12T18:20:45","modified_gmt":"2024-06-12T16:20:45","slug":"sroub-a-matice-pro-spojeni-ramecku-okna-gaz-69-gaz-69-a","status":"publish","type":"product","link":"https:\/\/nd.gaz69.cz\/en\/produkt\/sroub-a-matice-pro-spojeni-ramecku-okna-gaz-69-gaz-69-a\/","title":{"rendered":"\u0160roub a matice pro spojen\u00ed r\u00e1me\u010dku okna &#8211; Gaz 69 \/ Gaz 69 A"},"content":{"rendered":"<p>Analog. Nov\u00e9.<\/p>\n<p><em>Cena je uvedena za 1 kus \u0161roubku v\u010detn\u011b mati\u010dky.<\/em><\/p>\n<p><strong>Cel\u00fd komplet pro Gaz 69 ( M ),\u00a0 je 44 \u0161roubk\u016f a 44 matic.<\/strong><\/p>\n<p><strong>Cel\u00fd komplet pro Gaz 69 A, je 74 \u0161roubk\u016f a 74 matic.<\/strong><\/p>\n<p>&nbsp;<\/p>\n","protected":false},"excerpt":{"rendered":"<p>Analog. Nov\u00e9. Cena je uvedena za 1 kus \u0161roubku v\u010detn\u011b mati\u010dky. Cel\u00fd komplet pro Gaz 69 ( M ),\u00a0 je 44 \u0161roubk\u016f a 44 matic. Cel\u00fd komplet pro Gaz 69 A, je 74 \u0161roubk\u016f a 74 matic. &nbsp;<\/p>\n","protected":false},"featured_media":1963,"template":"","meta":[],"product_brand":[],"product_cat":[],"product_tag":[],"class_list":{"0":"post-1962","1":"product","2":"type-product","3":"status-publish","4":"has-post-thumbnail","7":"first","8":"instock","9":"shipping-taxable","10":"purchasable","11":"product-type-simple"},"_links":{"self":[{"href":"https:\/\/nd.gaz69.cz\/en\/wp-json\/wp\/v2\/product\/1962","targetHints":{"allow":["GET"]}}],"collection":[{"href":"https:\/\/nd.gaz69.cz\/en\/wp-json\/wp\/v2\/product"}],"about":[{"href":"https:\/\/nd.gaz69.cz\/en\/wp-json\/wp\/v2\/types\/product"}],"wp:featuredmedia":[{"embeddable":true,"href":"https:\/\/nd.gaz69.cz\/en\/wp-json\/wp\/v2\/media\/1963"}],"wp:attachment":[{"href":"https:\/\/nd.gaz69.cz\/en\/wp-json\/wp\/v2\/media?parent=1962"}],"wp:term":[{"taxonomy":"product_brand","embeddable":true,"href":"https:\/\/nd.gaz69.cz\/en\/wp-json\/wp\/v2\/product_brand?post=1962"},{"taxonomy":"product_cat","embeddable":true,"href":"https:\/\/nd.gaz69.cz\/en\/wp-json\/wp\/v2\/product_cat?post=1962"},{"taxonomy":"product_tag","embeddable":true,"href":"https:\/\/nd.gaz69.cz\/en\/wp-json\/wp\/v2\/product_tag?post=1962"}],"curies":[{"name":"wp","href":"https:\/\/api.w.org\/{rel}","templated":true}]}}