{"id":1956,"date":"2024-06-12T18:09:18","date_gmt":"2024-06-12T16:09:18","guid":{"rendered":"https:\/\/nd.gaz69.cz\/?post_type=product&#038;p=1956"},"modified":"2024-06-12T18:09:19","modified_gmt":"2024-06-12T16:09:19","slug":"matice-m-14-x-15-mm-trmenu-predniho-a-zadniho-pera","status":"publish","type":"product","link":"https:\/\/nd.gaz69.cz\/en\/produkt\/matice-m-14-x-15-mm-trmenu-predniho-a-zadniho-pera\/","title":{"rendered":"Matice M 14 x 1,5 mm &#8211; t\u0159menu p\u0159edn\u00edho a zadn\u00edho pera"},"content":{"rendered":"<p>Analog. Nov\u00e1.<\/p>\n<p>Cena je uvedena za 1 kus matice + podlo\u017eka.<\/p>\n","protected":false},"excerpt":{"rendered":"<p>Analog. Nov\u00e1. Cena je uvedena za 1 kus matice + podlo\u017eka.<\/p>\n","protected":false},"featured_media":1958,"template":"","meta":[],"product_brand":[],"product_cat":[28],"product_tag":[],"class_list":{"0":"post-1956","1":"product","2":"type-product","3":"status-publish","4":"has-post-thumbnail","6":"product_cat-podvozek","8":"first","9":"instock","10":"shipping-taxable","11":"purchasable","12":"product-type-simple"},"_links":{"self":[{"href":"https:\/\/nd.gaz69.cz\/en\/wp-json\/wp\/v2\/product\/1956","targetHints":{"allow":["GET"]}}],"collection":[{"href":"https:\/\/nd.gaz69.cz\/en\/wp-json\/wp\/v2\/product"}],"about":[{"href":"https:\/\/nd.gaz69.cz\/en\/wp-json\/wp\/v2\/types\/product"}],"wp:featuredmedia":[{"embeddable":true,"href":"https:\/\/nd.gaz69.cz\/en\/wp-json\/wp\/v2\/media\/1958"}],"wp:attachment":[{"href":"https:\/\/nd.gaz69.cz\/en\/wp-json\/wp\/v2\/media?parent=1956"}],"wp:term":[{"taxonomy":"product_brand","embeddable":true,"href":"https:\/\/nd.gaz69.cz\/en\/wp-json\/wp\/v2\/product_brand?post=1956"},{"taxonomy":"product_cat","embeddable":true,"href":"https:\/\/nd.gaz69.cz\/en\/wp-json\/wp\/v2\/product_cat?post=1956"},{"taxonomy":"product_tag","embeddable":true,"href":"https:\/\/nd.gaz69.cz\/en\/wp-json\/wp\/v2\/product_tag?post=1956"}],"curies":[{"name":"wp","href":"https:\/\/api.w.org\/{rel}","templated":true}]}}