{"id":193,"date":"2024-03-28T11:57:20","date_gmt":"2024-03-28T10:57:20","guid":{"rendered":"https:\/\/nd.gaz69.cz\/?post_type=product&#038;p=193"},"modified":"2025-03-18T10:19:26","modified_gmt":"2025-03-18T09:19:26","slug":"tricestna-rozvodka-prednich-brzd-s-prichytkou","status":"publish","type":"product","link":"https:\/\/nd.gaz69.cz\/en\/produkt\/tricestna-rozvodka-prednich-brzd-s-prichytkou\/","title":{"rendered":"T\u0159\u00edcestn\u00e1 rozvodka p\u0159edn\u00edch brzd s p\u0159\u00edchytkou &#8211; ORIGIN\u00c1L !"},"content":{"rendered":"<p>Origin\u00e1l. Nov\u00e1.<\/p>\n<p>Rozvodka slou\u017e\u00ed z\u00e1rove\u0148 pro brzdov\u00e9 \u010didlo.<\/p>\n","protected":false},"excerpt":{"rendered":"<p>Origin\u00e1l. Nov\u00e1. Rozvodka slou\u017e\u00ed z\u00e1rove\u0148 pro brzdov\u00e9 \u010didlo.<\/p>\n","protected":false},"featured_media":194,"template":"","meta":[],"product_brand":[],"product_cat":[29,54],"product_tag":[],"class_list":{"0":"post-193","1":"product","2":"type-product","3":"status-publish","4":"has-post-thumbnail","6":"product_cat-brzdovy_system","7":"product_cat-uaz_469_uaz_452","9":"first","10":"instock","11":"shipping-taxable","12":"purchasable","13":"product-type-simple"},"_links":{"self":[{"href":"https:\/\/nd.gaz69.cz\/en\/wp-json\/wp\/v2\/product\/193","targetHints":{"allow":["GET"]}}],"collection":[{"href":"https:\/\/nd.gaz69.cz\/en\/wp-json\/wp\/v2\/product"}],"about":[{"href":"https:\/\/nd.gaz69.cz\/en\/wp-json\/wp\/v2\/types\/product"}],"wp:featuredmedia":[{"embeddable":true,"href":"https:\/\/nd.gaz69.cz\/en\/wp-json\/wp\/v2\/media\/194"}],"wp:attachment":[{"href":"https:\/\/nd.gaz69.cz\/en\/wp-json\/wp\/v2\/media?parent=193"}],"wp:term":[{"taxonomy":"product_brand","embeddable":true,"href":"https:\/\/nd.gaz69.cz\/en\/wp-json\/wp\/v2\/product_brand?post=193"},{"taxonomy":"product_cat","embeddable":true,"href":"https:\/\/nd.gaz69.cz\/en\/wp-json\/wp\/v2\/product_cat?post=193"},{"taxonomy":"product_tag","embeddable":true,"href":"https:\/\/nd.gaz69.cz\/en\/wp-json\/wp\/v2\/product_tag?post=193"}],"curies":[{"name":"wp","href":"https:\/\/api.w.org\/{rel}","templated":true}]}}