{"id":1868,"date":"2024-06-03T15:52:57","date_gmt":"2024-06-03T13:52:57","guid":{"rendered":"https:\/\/nd.gaz69.cz\/?post_type=product&#038;p=1868"},"modified":"2025-04-23T14:36:36","modified_gmt":"2025-04-23T12:36:36","slug":"drzaky-a-narazky-vrchni-casti-kapoty","status":"publish","type":"product","link":"https:\/\/nd.gaz69.cz\/en\/produkt\/drzaky-a-narazky-vrchni-casti-kapoty\/","title":{"rendered":"Dr\u017e\u00e1ky a nar\u00e1\u017eky vrchn\u00ed \u010d\u00e1sti kapoty"},"content":{"rendered":"<p>Analog. Nov\u00e9.<\/p>\n<p>Kompletn\u00ed, v\u010detn\u011b n\u00fdt\u016f.<\/p>\n<p>Cena je uvedena za cel\u00fd komplet.<\/p>\n","protected":false},"excerpt":{"rendered":"<p>Analog. Nov\u00e9. Kompletn\u00ed, v\u010detn\u011b n\u00fdt\u016f. Cena je uvedena za cel\u00fd komplet.<\/p>\n","protected":false},"featured_media":1869,"template":"","meta":[],"product_brand":[],"product_cat":[27],"product_tag":[],"class_list":{"0":"post-1868","1":"product","2":"type-product","3":"status-publish","4":"has-post-thumbnail","6":"product_cat-karoserie","8":"first","9":"instock","10":"shipping-taxable","11":"purchasable","12":"product-type-simple"},"_links":{"self":[{"href":"https:\/\/nd.gaz69.cz\/en\/wp-json\/wp\/v2\/product\/1868","targetHints":{"allow":["GET"]}}],"collection":[{"href":"https:\/\/nd.gaz69.cz\/en\/wp-json\/wp\/v2\/product"}],"about":[{"href":"https:\/\/nd.gaz69.cz\/en\/wp-json\/wp\/v2\/types\/product"}],"wp:featuredmedia":[{"embeddable":true,"href":"https:\/\/nd.gaz69.cz\/en\/wp-json\/wp\/v2\/media\/1869"}],"wp:attachment":[{"href":"https:\/\/nd.gaz69.cz\/en\/wp-json\/wp\/v2\/media?parent=1868"}],"wp:term":[{"taxonomy":"product_brand","embeddable":true,"href":"https:\/\/nd.gaz69.cz\/en\/wp-json\/wp\/v2\/product_brand?post=1868"},{"taxonomy":"product_cat","embeddable":true,"href":"https:\/\/nd.gaz69.cz\/en\/wp-json\/wp\/v2\/product_cat?post=1868"},{"taxonomy":"product_tag","embeddable":true,"href":"https:\/\/nd.gaz69.cz\/en\/wp-json\/wp\/v2\/product_tag?post=1868"}],"curies":[{"name":"wp","href":"https:\/\/api.w.org\/{rel}","templated":true}]}}