{"id":1865,"date":"2024-04-15T16:39:03","date_gmt":"2024-04-15T14:39:03","guid":{"rendered":"https:\/\/nd.gaz69.cz\/?post_type=product&#038;p=1865"},"modified":"2025-03-25T07:20:45","modified_gmt":"2025-03-25T06:20:45","slug":"drzak-tlumice-vyfuku","status":"publish","type":"product","link":"https:\/\/nd.gaz69.cz\/en\/produkt\/drzak-tlumice-vyfuku\/","title":{"rendered":"Dr\u017e\u00e1k tlumi\u010de v\u00fdfuku &#8211; DO\u010cASN\u011a VYPROD\u00c1NO"},"content":{"rendered":"<p>Analog. Nov\u00fd.<\/p>\n<p><strong>Lze pou\u017e\u00edt jako alternativa do obou m\u00edst uchycen\u00ed tlumi\u010de v\u00fdfuku.<\/strong><\/p>\n","protected":false},"excerpt":{"rendered":"<p>Analog. Nov\u00fd. Lze pou\u017e\u00edt jako alternativa do obou m\u00edst uchycen\u00ed tlumi\u010de v\u00fdfuku.<\/p>\n","protected":false},"featured_media":1866,"template":"","meta":[],"product_brand":[],"product_cat":[30],"product_tag":[],"class_list":{"0":"post-1865","1":"product","2":"type-product","3":"status-publish","4":"has-post-thumbnail","6":"product_cat-vyfukovy_system","8":"first","9":"instock","10":"shipping-taxable","11":"purchasable","12":"product-type-simple"},"_links":{"self":[{"href":"https:\/\/nd.gaz69.cz\/en\/wp-json\/wp\/v2\/product\/1865","targetHints":{"allow":["GET"]}}],"collection":[{"href":"https:\/\/nd.gaz69.cz\/en\/wp-json\/wp\/v2\/product"}],"about":[{"href":"https:\/\/nd.gaz69.cz\/en\/wp-json\/wp\/v2\/types\/product"}],"wp:featuredmedia":[{"embeddable":true,"href":"https:\/\/nd.gaz69.cz\/en\/wp-json\/wp\/v2\/media\/1866"}],"wp:attachment":[{"href":"https:\/\/nd.gaz69.cz\/en\/wp-json\/wp\/v2\/media?parent=1865"}],"wp:term":[{"taxonomy":"product_brand","embeddable":true,"href":"https:\/\/nd.gaz69.cz\/en\/wp-json\/wp\/v2\/product_brand?post=1865"},{"taxonomy":"product_cat","embeddable":true,"href":"https:\/\/nd.gaz69.cz\/en\/wp-json\/wp\/v2\/product_cat?post=1865"},{"taxonomy":"product_tag","embeddable":true,"href":"https:\/\/nd.gaz69.cz\/en\/wp-json\/wp\/v2\/product_tag?post=1865"}],"curies":[{"name":"wp","href":"https:\/\/api.w.org\/{rel}","templated":true}]}}