{"id":1767,"date":"2024-05-30T17:39:09","date_gmt":"2024-05-30T15:39:09","guid":{"rendered":"https:\/\/nd.gaz69.cz\/?post_type=product&#038;p=1767"},"modified":"2024-06-12T17:22:00","modified_gmt":"2024-06-12T15:22:00","slug":"stahovaci-srouby-k-upevneni-akumulatoru-predni-zadni","status":"publish","type":"product","link":"https:\/\/nd.gaz69.cz\/en\/produkt\/stahovaci-srouby-k-upevneni-akumulatoru-predni-zadni\/","title":{"rendered":"Stahovac\u00ed \u0161rouby k upevn\u011bn\u00ed akumul\u00e1toru &#8211; Gaz 69A"},"content":{"rendered":"<p>Analog. Nov\u00e9.<\/p>\n<p>&nbsp;<\/p>\n","protected":false},"excerpt":{"rendered":"<p>Analog. Nov\u00e9. &nbsp;<\/p>\n","protected":false},"featured_media":1772,"template":"","meta":[],"product_brand":[],"product_cat":[27],"product_tag":[],"class_list":{"0":"post-1767","1":"product","2":"type-product","3":"status-publish","4":"has-post-thumbnail","6":"product_cat-karoserie","8":"first","9":"instock","10":"shipping-taxable","11":"purchasable","12":"product-type-simple"},"_links":{"self":[{"href":"https:\/\/nd.gaz69.cz\/en\/wp-json\/wp\/v2\/product\/1767","targetHints":{"allow":["GET"]}}],"collection":[{"href":"https:\/\/nd.gaz69.cz\/en\/wp-json\/wp\/v2\/product"}],"about":[{"href":"https:\/\/nd.gaz69.cz\/en\/wp-json\/wp\/v2\/types\/product"}],"wp:featuredmedia":[{"embeddable":true,"href":"https:\/\/nd.gaz69.cz\/en\/wp-json\/wp\/v2\/media\/1772"}],"wp:attachment":[{"href":"https:\/\/nd.gaz69.cz\/en\/wp-json\/wp\/v2\/media?parent=1767"}],"wp:term":[{"taxonomy":"product_brand","embeddable":true,"href":"https:\/\/nd.gaz69.cz\/en\/wp-json\/wp\/v2\/product_brand?post=1767"},{"taxonomy":"product_cat","embeddable":true,"href":"https:\/\/nd.gaz69.cz\/en\/wp-json\/wp\/v2\/product_cat?post=1767"},{"taxonomy":"product_tag","embeddable":true,"href":"https:\/\/nd.gaz69.cz\/en\/wp-json\/wp\/v2\/product_tag?post=1767"}],"curies":[{"name":"wp","href":"https:\/\/api.w.org\/{rel}","templated":true}]}}