{"id":1678,"date":"2025-07-08T14:19:39","date_gmt":"2025-07-08T12:19:39","guid":{"rendered":"https:\/\/nd.gaz69.cz\/?post_type=product&#038;p=1678"},"modified":"2026-02-05T16:19:57","modified_gmt":"2026-02-05T15:19:57","slug":"zadni-svetla-starsi-typ","status":"publish","type":"product","link":"https:\/\/nd.gaz69.cz\/en\/produkt\/zadni-svetla-starsi-typ\/","title":{"rendered":"Zadn\u00ed sv\u011btla &#8211; star\u0161\u00ed typ &#8211; ORIGIN\u00c1L !"},"content":{"rendered":"<p>Origin\u00e1l Nov\u00e9.<\/p>\n<p>Sv\u011btla s \u010derven\u00fdm sklem ( ne plast ) a kovov\u00fdm krytem.<\/p>\n<p>Cena je uvedena za 1 p\u00e1r.<\/p>\n","protected":false},"excerpt":{"rendered":"<p>Origin\u00e1l Nov\u00e9. Sv\u011btla s \u010derven\u00fdm sklem ( ne plast ) a kovov\u00fdm krytem. Cena je uvedena za 1 p\u00e1r.<\/p>\n","protected":false},"featured_media":1680,"template":"","meta":[],"product_brand":[],"product_cat":[31,61],"product_tag":[],"class_list":{"0":"post-1678","1":"product","2":"type-product","3":"status-publish","4":"has-post-thumbnail","6":"product_cat-elektricke_casti","7":"product_cat-gaz_67","9":"first","10":"instock","11":"shipping-taxable","12":"purchasable","13":"product-type-simple"},"_links":{"self":[{"href":"https:\/\/nd.gaz69.cz\/en\/wp-json\/wp\/v2\/product\/1678","targetHints":{"allow":["GET"]}}],"collection":[{"href":"https:\/\/nd.gaz69.cz\/en\/wp-json\/wp\/v2\/product"}],"about":[{"href":"https:\/\/nd.gaz69.cz\/en\/wp-json\/wp\/v2\/types\/product"}],"wp:featuredmedia":[{"embeddable":true,"href":"https:\/\/nd.gaz69.cz\/en\/wp-json\/wp\/v2\/media\/1680"}],"wp:attachment":[{"href":"https:\/\/nd.gaz69.cz\/en\/wp-json\/wp\/v2\/media?parent=1678"}],"wp:term":[{"taxonomy":"product_brand","embeddable":true,"href":"https:\/\/nd.gaz69.cz\/en\/wp-json\/wp\/v2\/product_brand?post=1678"},{"taxonomy":"product_cat","embeddable":true,"href":"https:\/\/nd.gaz69.cz\/en\/wp-json\/wp\/v2\/product_cat?post=1678"},{"taxonomy":"product_tag","embeddable":true,"href":"https:\/\/nd.gaz69.cz\/en\/wp-json\/wp\/v2\/product_tag?post=1678"}],"curies":[{"name":"wp","href":"https:\/\/api.w.org\/{rel}","templated":true}]}}