{"id":1674,"date":"2025-07-08T14:13:19","date_gmt":"2025-07-08T12:13:19","guid":{"rendered":"https:\/\/nd.gaz69.cz\/?post_type=product&#038;p=1674"},"modified":"2026-03-03T14:57:30","modified_gmt":"2026-03-03T13:57:30","slug":"parabola-predniho-svetlometu","status":"publish","type":"product","link":"https:\/\/nd.gaz69.cz\/en\/produkt\/parabola-predniho-svetlometu\/","title":{"rendered":"Parabola p\u0159edn\u00edho sv\u011btlometu &#8211; ORIGIN\u00c1L !"},"content":{"rendered":"<p>Origin\u00e1l. Nov\u00e1.<\/p>\n<p><strong>Arm\u00e1dn\u00ed proveden\u00ed. Vodot\u011bsn\u00e1 !<\/strong><\/p>\n<p>Neobsahuje \u017e\u00e1rovku.<\/p>\n<p>\u017d\u00e1rovku lze zakoupit zvl\u00e1\u0161\u0165 v t\u00e9to kategorii.<\/p>\n","protected":false},"excerpt":{"rendered":"<p>Origin\u00e1l. Nov\u00e1. Arm\u00e1dn\u00ed proveden\u00ed. Vodot\u011bsn\u00e1 ! Neobsahuje \u017e\u00e1rovku. \u017d\u00e1rovku lze zakoupit zvl\u00e1\u0161\u0165 v t\u00e9to kategorii.<\/p>\n","protected":false},"featured_media":1675,"template":"","meta":[],"product_brand":[],"product_cat":[31,54,57],"product_tag":[],"class_list":{"0":"post-1674","1":"product","2":"type-product","3":"status-publish","4":"has-post-thumbnail","6":"product_cat-elektricke_casti","7":"product_cat-uaz_469_uaz_452","8":"product_cat-aro_m461","10":"first","11":"instock","12":"shipping-taxable","13":"purchasable","14":"product-type-simple"},"_links":{"self":[{"href":"https:\/\/nd.gaz69.cz\/en\/wp-json\/wp\/v2\/product\/1674","targetHints":{"allow":["GET"]}}],"collection":[{"href":"https:\/\/nd.gaz69.cz\/en\/wp-json\/wp\/v2\/product"}],"about":[{"href":"https:\/\/nd.gaz69.cz\/en\/wp-json\/wp\/v2\/types\/product"}],"wp:featuredmedia":[{"embeddable":true,"href":"https:\/\/nd.gaz69.cz\/en\/wp-json\/wp\/v2\/media\/1675"}],"wp:attachment":[{"href":"https:\/\/nd.gaz69.cz\/en\/wp-json\/wp\/v2\/media?parent=1674"}],"wp:term":[{"taxonomy":"product_brand","embeddable":true,"href":"https:\/\/nd.gaz69.cz\/en\/wp-json\/wp\/v2\/product_brand?post=1674"},{"taxonomy":"product_cat","embeddable":true,"href":"https:\/\/nd.gaz69.cz\/en\/wp-json\/wp\/v2\/product_cat?post=1674"},{"taxonomy":"product_tag","embeddable":true,"href":"https:\/\/nd.gaz69.cz\/en\/wp-json\/wp\/v2\/product_tag?post=1674"}],"curies":[{"name":"wp","href":"https:\/\/api.w.org\/{rel}","templated":true}]}}