{"id":1600,"date":"2024-05-22T08:26:18","date_gmt":"2024-05-22T06:26:18","guid":{"rendered":"https:\/\/nd.gaz69.cz\/?post_type=product&#038;p=1600"},"modified":"2024-05-22T08:30:14","modified_gmt":"2024-05-22T06:30:14","slug":"miska-pruzneho-ulozeni-ramene-tlumice-perovani-zaveseni-prednich-kol","status":"publish","type":"product","link":"https:\/\/nd.gaz69.cz\/en\/produkt\/miska-pruzneho-ulozeni-ramene-tlumice-perovani-zaveseni-prednich-kol\/","title":{"rendered":"Miska pru\u017en\u00e9ho ulo\u017een\u00ed ramene tlumi\u010de p\u00e9rov\u00e1n\u00ed zav\u011b\u0161en\u00ed p\u0159edn\u00edch kol"},"content":{"rendered":"<p>Origin\u00e1l. Nov\u00e1.<\/p>\n","protected":false},"excerpt":{"rendered":"<p>Origin\u00e1l. Nov\u00e1.<\/p>\n","protected":false},"featured_media":1601,"template":"","meta":[],"product_brand":[],"product_cat":[28],"product_tag":[],"class_list":{"0":"post-1600","1":"product","2":"type-product","3":"status-publish","4":"has-post-thumbnail","6":"product_cat-podvozek","8":"first","9":"instock","10":"shipping-taxable","11":"purchasable","12":"product-type-simple"},"_links":{"self":[{"href":"https:\/\/nd.gaz69.cz\/en\/wp-json\/wp\/v2\/product\/1600","targetHints":{"allow":["GET"]}}],"collection":[{"href":"https:\/\/nd.gaz69.cz\/en\/wp-json\/wp\/v2\/product"}],"about":[{"href":"https:\/\/nd.gaz69.cz\/en\/wp-json\/wp\/v2\/types\/product"}],"wp:featuredmedia":[{"embeddable":true,"href":"https:\/\/nd.gaz69.cz\/en\/wp-json\/wp\/v2\/media\/1601"}],"wp:attachment":[{"href":"https:\/\/nd.gaz69.cz\/en\/wp-json\/wp\/v2\/media?parent=1600"}],"wp:term":[{"taxonomy":"product_brand","embeddable":true,"href":"https:\/\/nd.gaz69.cz\/en\/wp-json\/wp\/v2\/product_brand?post=1600"},{"taxonomy":"product_cat","embeddable":true,"href":"https:\/\/nd.gaz69.cz\/en\/wp-json\/wp\/v2\/product_cat?post=1600"},{"taxonomy":"product_tag","embeddable":true,"href":"https:\/\/nd.gaz69.cz\/en\/wp-json\/wp\/v2\/product_tag?post=1600"}],"curies":[{"name":"wp","href":"https:\/\/api.w.org\/{rel}","templated":true}]}}