{"id":1555,"date":"2024-05-17T17:16:57","date_gmt":"2024-05-17T15:16:57","guid":{"rendered":"https:\/\/nd.gaz69.cz\/?post_type=product&#038;p=1555"},"modified":"2024-05-17T17:16:58","modified_gmt":"2024-05-17T15:16:58","slug":"prevlecny-maskovaci-komplet-%d0%bazs","status":"publish","type":"product","link":"https:\/\/nd.gaz69.cz\/en\/produkt\/prevlecny-maskovaci-komplet-%d0%bazs\/","title":{"rendered":"P\u0159evle\u010dn\u00fd maskovac\u00ed komplet &#8211; \u041aZS"},"content":{"rendered":"<p>Origin\u00e1l. Nov\u00fd.<\/p>\n<p><span>Komplet pro individu\u00e1ln\u00ed ochranu a maskov\u00e1n\u00ed. <\/span><\/p>\n<p><span>Je vyroben ze s\u00ed\u0165oviny, kter\u00e1 je o\u0161et\u0159en\u00e1 neho\u0159lavou formul\u00ed s maskovac\u00ed barvou. <\/span><\/p>\n<p><span>Oblek m\u00e1 zv\u011bt\u0161enou kapuci, (lze ho nosit p\u0159es helmu).<\/span><\/p>\n<p>&nbsp;<\/p>\n","protected":false},"excerpt":{"rendered":"<p>Origin\u00e1l. Nov\u00fd. Komplet pro individu\u00e1ln\u00ed ochranu a maskov\u00e1n\u00ed. Je vyroben ze s\u00ed\u0165oviny, kter\u00e1 je o\u0161et\u0159en\u00e1 neho\u0159lavou formul\u00ed s maskovac\u00ed barvou. Oblek m\u00e1 zv\u011bt\u0161enou kapuci, (lze ho nosit p\u0159es helmu). &nbsp;<\/p>\n","protected":false},"featured_media":1556,"template":"","meta":[],"product_brand":[],"product_cat":[33],"product_tag":[],"class_list":{"0":"post-1555","1":"product","2":"type-product","3":"status-publish","4":"has-post-thumbnail","6":"product_cat-vybava_naradi_doplnky","8":"first","9":"instock","10":"shipping-taxable","11":"purchasable","12":"product-type-simple"},"_links":{"self":[{"href":"https:\/\/nd.gaz69.cz\/en\/wp-json\/wp\/v2\/product\/1555","targetHints":{"allow":["GET"]}}],"collection":[{"href":"https:\/\/nd.gaz69.cz\/en\/wp-json\/wp\/v2\/product"}],"about":[{"href":"https:\/\/nd.gaz69.cz\/en\/wp-json\/wp\/v2\/types\/product"}],"wp:featuredmedia":[{"embeddable":true,"href":"https:\/\/nd.gaz69.cz\/en\/wp-json\/wp\/v2\/media\/1556"}],"wp:attachment":[{"href":"https:\/\/nd.gaz69.cz\/en\/wp-json\/wp\/v2\/media?parent=1555"}],"wp:term":[{"taxonomy":"product_brand","embeddable":true,"href":"https:\/\/nd.gaz69.cz\/en\/wp-json\/wp\/v2\/product_brand?post=1555"},{"taxonomy":"product_cat","embeddable":true,"href":"https:\/\/nd.gaz69.cz\/en\/wp-json\/wp\/v2\/product_cat?post=1555"},{"taxonomy":"product_tag","embeddable":true,"href":"https:\/\/nd.gaz69.cz\/en\/wp-json\/wp\/v2\/product_tag?post=1555"}],"curies":[{"name":"wp","href":"https:\/\/api.w.org\/{rel}","templated":true}]}}