{"id":1537,"date":"2026-01-28T02:02:08","date_gmt":"2026-01-28T01:02:08","guid":{"rendered":"https:\/\/nd.gaz69.cz\/?post_type=product&#038;p=1537"},"modified":"2026-01-28T14:39:30","modified_gmt":"2026-01-28T13:39:30","slug":"uzaver-chladice-vody","status":"publish","type":"product","link":"https:\/\/nd.gaz69.cz\/en\/produkt\/uzaver-chladice-vody\/","title":{"rendered":"Uz\u00e1v\u011br chladi\u010de vody &#8211; ORIGIN\u00c1L !"},"content":{"rendered":"<p>Origin\u00e1l. Nov\u00fd.<\/p>\n","protected":false},"excerpt":{"rendered":"<p>Origin\u00e1l. Nov\u00fd.<\/p>\n","protected":false},"featured_media":1538,"template":"","meta":[],"product_brand":[],"product_cat":[44,54],"product_tag":[],"class_list":{"0":"post-1537","1":"product","2":"type-product","3":"status-publish","4":"has-post-thumbnail","6":"product_cat-sytem_chlazeni_topeni","7":"product_cat-uaz_469_uaz_452","9":"first","10":"instock","11":"shipping-taxable","12":"purchasable","13":"product-type-simple"},"_links":{"self":[{"href":"https:\/\/nd.gaz69.cz\/en\/wp-json\/wp\/v2\/product\/1537","targetHints":{"allow":["GET"]}}],"collection":[{"href":"https:\/\/nd.gaz69.cz\/en\/wp-json\/wp\/v2\/product"}],"about":[{"href":"https:\/\/nd.gaz69.cz\/en\/wp-json\/wp\/v2\/types\/product"}],"wp:featuredmedia":[{"embeddable":true,"href":"https:\/\/nd.gaz69.cz\/en\/wp-json\/wp\/v2\/media\/1538"}],"wp:attachment":[{"href":"https:\/\/nd.gaz69.cz\/en\/wp-json\/wp\/v2\/media?parent=1537"}],"wp:term":[{"taxonomy":"product_brand","embeddable":true,"href":"https:\/\/nd.gaz69.cz\/en\/wp-json\/wp\/v2\/product_brand?post=1537"},{"taxonomy":"product_cat","embeddable":true,"href":"https:\/\/nd.gaz69.cz\/en\/wp-json\/wp\/v2\/product_cat?post=1537"},{"taxonomy":"product_tag","embeddable":true,"href":"https:\/\/nd.gaz69.cz\/en\/wp-json\/wp\/v2\/product_tag?post=1537"}],"curies":[{"name":"wp","href":"https:\/\/api.w.org\/{rel}","templated":true}]}}