{"id":1529,"date":"2026-01-28T05:04:18","date_gmt":"2026-01-28T04:04:18","guid":{"rendered":"https:\/\/nd.gaz69.cz\/?post_type=product&#038;p=1529"},"modified":"2026-01-28T14:16:00","modified_gmt":"2026-01-28T13:16:00","slug":"trubky-palivoveho-systemu","status":"publish","type":"product","link":"https:\/\/nd.gaz69.cz\/en\/produkt\/trubky-palivoveho-systemu\/","title":{"rendered":"Trubky palivov\u00e9ho syst\u00e9mu"},"content":{"rendered":"<p>Analog. Nov\u00e9.<\/p>\n<p>Kompletn\u00ed syst\u00e9m palivov\u00fdch trubek.<\/p>\n<p>Vyrobeno nov\u011b dle origin\u00e1lu.<\/p>\n<p>&nbsp;<\/p>\n<p>&nbsp;<\/p>\n","protected":false},"excerpt":{"rendered":"<p>Analog. Nov\u00e9. Kompletn\u00ed syst\u00e9m palivov\u00fdch trubek. Vyrobeno nov\u011b dle origin\u00e1lu. &nbsp; &nbsp;<\/p>\n","protected":false},"featured_media":1530,"template":"","meta":[],"product_brand":[],"product_cat":[47],"product_tag":[],"class_list":{"0":"post-1529","1":"product","2":"type-product","3":"status-publish","4":"has-post-thumbnail","6":"product_cat-system_paliva","8":"first","9":"instock","10":"shipping-taxable","11":"purchasable","12":"product-type-simple"},"_links":{"self":[{"href":"https:\/\/nd.gaz69.cz\/en\/wp-json\/wp\/v2\/product\/1529","targetHints":{"allow":["GET"]}}],"collection":[{"href":"https:\/\/nd.gaz69.cz\/en\/wp-json\/wp\/v2\/product"}],"about":[{"href":"https:\/\/nd.gaz69.cz\/en\/wp-json\/wp\/v2\/types\/product"}],"wp:featuredmedia":[{"embeddable":true,"href":"https:\/\/nd.gaz69.cz\/en\/wp-json\/wp\/v2\/media\/1530"}],"wp:attachment":[{"href":"https:\/\/nd.gaz69.cz\/en\/wp-json\/wp\/v2\/media?parent=1529"}],"wp:term":[{"taxonomy":"product_brand","embeddable":true,"href":"https:\/\/nd.gaz69.cz\/en\/wp-json\/wp\/v2\/product_brand?post=1529"},{"taxonomy":"product_cat","embeddable":true,"href":"https:\/\/nd.gaz69.cz\/en\/wp-json\/wp\/v2\/product_cat?post=1529"},{"taxonomy":"product_tag","embeddable":true,"href":"https:\/\/nd.gaz69.cz\/en\/wp-json\/wp\/v2\/product_tag?post=1529"}],"curies":[{"name":"wp","href":"https:\/\/api.w.org\/{rel}","templated":true}]}}