{"id":1526,"date":"2024-09-24T18:57:47","date_gmt":"2024-09-24T16:57:47","guid":{"rendered":"https:\/\/nd.gaz69.cz\/?post_type=product&#038;p=1526"},"modified":"2025-02-12T16:46:00","modified_gmt":"2025-02-12T15:46:00","slug":"trubky-brzdoveho-systemu","status":"publish","type":"product","link":"https:\/\/nd.gaz69.cz\/en\/produkt\/trubky-brzdoveho-systemu\/","title":{"rendered":"Trubky brzdov\u00e9ho syst\u00e9mu"},"content":{"rendered":"<p>Analog. Nov\u00e9.<\/p>\n<p>Kompletn\u00ed syst\u00e9m brzdov\u00fdch trubek.<\/p>\n<p>Vyrobeno nov\u011b dle origin\u00e1lu.<\/p>\n<p>&nbsp;<\/p>\n","protected":false},"excerpt":{"rendered":"<p>Analog. Nov\u00e9. Kompletn\u00ed syst\u00e9m brzdov\u00fdch trubek. Vyrobeno nov\u011b dle origin\u00e1lu. &nbsp;<\/p>\n","protected":false},"featured_media":1527,"template":"","meta":[],"product_brand":[],"product_cat":[29],"product_tag":[],"class_list":{"0":"post-1526","1":"product","2":"type-product","3":"status-publish","4":"has-post-thumbnail","6":"product_cat-brzdovy_system","8":"first","9":"instock","10":"shipping-taxable","11":"purchasable","12":"product-type-simple"},"_links":{"self":[{"href":"https:\/\/nd.gaz69.cz\/en\/wp-json\/wp\/v2\/product\/1526","targetHints":{"allow":["GET"]}}],"collection":[{"href":"https:\/\/nd.gaz69.cz\/en\/wp-json\/wp\/v2\/product"}],"about":[{"href":"https:\/\/nd.gaz69.cz\/en\/wp-json\/wp\/v2\/types\/product"}],"wp:featuredmedia":[{"embeddable":true,"href":"https:\/\/nd.gaz69.cz\/en\/wp-json\/wp\/v2\/media\/1527"}],"wp:attachment":[{"href":"https:\/\/nd.gaz69.cz\/en\/wp-json\/wp\/v2\/media?parent=1526"}],"wp:term":[{"taxonomy":"product_brand","embeddable":true,"href":"https:\/\/nd.gaz69.cz\/en\/wp-json\/wp\/v2\/product_brand?post=1526"},{"taxonomy":"product_cat","embeddable":true,"href":"https:\/\/nd.gaz69.cz\/en\/wp-json\/wp\/v2\/product_cat?post=1526"},{"taxonomy":"product_tag","embeddable":true,"href":"https:\/\/nd.gaz69.cz\/en\/wp-json\/wp\/v2\/product_tag?post=1526"}],"curies":[{"name":"wp","href":"https:\/\/api.w.org\/{rel}","templated":true}]}}