{"id":1513,"date":"2024-05-16T16:39:48","date_gmt":"2024-05-16T14:39:48","guid":{"rendered":"https:\/\/nd.gaz69.cz\/?post_type=product&#038;p=1513"},"modified":"2025-06-24T16:35:11","modified_gmt":"2025-06-24T14:35:11","slug":"podlozka-operneho-loziska-klikoveho-hridele-predni-i-zadni","status":"publish","type":"product","link":"https:\/\/nd.gaz69.cz\/en\/produkt\/podlozka-operneho-loziska-klikoveho-hridele-predni-i-zadni\/","title":{"rendered":"Podlo\u017eka op\u011brn\u00e9ho lo\u017eiska klikov\u00e9ho h\u0159\u00eddele &#8211; ( p\u0159edn\u00ed i zadn\u00ed ) \u2013 ORIGIN\u00c1L !"},"content":{"rendered":"<p>Origin\u00e1l. Nov\u00e9.<\/p>\n<p>,, axi\u00e1ly &#8222;<\/p>\n","protected":false},"excerpt":{"rendered":"<p>Origin\u00e1l. Nov\u00e9. ,, axi\u00e1ly &#8222;<\/p>\n","protected":false},"featured_media":1514,"template":"","meta":[],"product_brand":[],"product_cat":[18],"product_tag":[],"class_list":{"0":"post-1513","1":"product","2":"type-product","3":"status-publish","4":"has-post-thumbnail","6":"product_cat-motor_spojka_prevodovky","8":"first","9":"instock","10":"shipping-taxable","11":"purchasable","12":"product-type-simple"},"_links":{"self":[{"href":"https:\/\/nd.gaz69.cz\/en\/wp-json\/wp\/v2\/product\/1513","targetHints":{"allow":["GET"]}}],"collection":[{"href":"https:\/\/nd.gaz69.cz\/en\/wp-json\/wp\/v2\/product"}],"about":[{"href":"https:\/\/nd.gaz69.cz\/en\/wp-json\/wp\/v2\/types\/product"}],"wp:featuredmedia":[{"embeddable":true,"href":"https:\/\/nd.gaz69.cz\/en\/wp-json\/wp\/v2\/media\/1514"}],"wp:attachment":[{"href":"https:\/\/nd.gaz69.cz\/en\/wp-json\/wp\/v2\/media?parent=1513"}],"wp:term":[{"taxonomy":"product_brand","embeddable":true,"href":"https:\/\/nd.gaz69.cz\/en\/wp-json\/wp\/v2\/product_brand?post=1513"},{"taxonomy":"product_cat","embeddable":true,"href":"https:\/\/nd.gaz69.cz\/en\/wp-json\/wp\/v2\/product_cat?post=1513"},{"taxonomy":"product_tag","embeddable":true,"href":"https:\/\/nd.gaz69.cz\/en\/wp-json\/wp\/v2\/product_tag?post=1513"}],"curies":[{"name":"wp","href":"https:\/\/api.w.org\/{rel}","templated":true}]}}