{"id":1509,"date":"2024-05-16T16:33:22","date_gmt":"2024-05-16T14:33:22","guid":{"rendered":"https:\/\/nd.gaz69.cz\/?post_type=product&#038;p=1509"},"modified":"2026-01-30T08:16:15","modified_gmt":"2026-01-30T07:16:15","slug":"opravna-sada-vodni-pumpy","status":"publish","type":"product","link":"https:\/\/nd.gaz69.cz\/en\/produkt\/opravna-sada-vodni-pumpy\/","title":{"rendered":"Opravn\u00e1 sada vodn\u00ed pumpy"},"content":{"rendered":"<p>Analog. Nov\u00e1.<\/p>\n","protected":false},"excerpt":{"rendered":"<p>Analog. Nov\u00e1.<\/p>\n","protected":false},"featured_media":1510,"template":"","meta":[],"product_brand":[],"product_cat":[48,44],"product_tag":[],"class_list":{"0":"post-1509","1":"product","2":"type-product","3":"status-publish","4":"has-post-thumbnail","6":"product_cat-gumove_casti_tesneni_silentbloky","7":"product_cat-sytem_chlazeni_topeni","9":"first","10":"instock","11":"shipping-taxable","12":"purchasable","13":"product-type-simple"},"_links":{"self":[{"href":"https:\/\/nd.gaz69.cz\/en\/wp-json\/wp\/v2\/product\/1509","targetHints":{"allow":["GET"]}}],"collection":[{"href":"https:\/\/nd.gaz69.cz\/en\/wp-json\/wp\/v2\/product"}],"about":[{"href":"https:\/\/nd.gaz69.cz\/en\/wp-json\/wp\/v2\/types\/product"}],"wp:featuredmedia":[{"embeddable":true,"href":"https:\/\/nd.gaz69.cz\/en\/wp-json\/wp\/v2\/media\/1510"}],"wp:attachment":[{"href":"https:\/\/nd.gaz69.cz\/en\/wp-json\/wp\/v2\/media?parent=1509"}],"wp:term":[{"taxonomy":"product_brand","embeddable":true,"href":"https:\/\/nd.gaz69.cz\/en\/wp-json\/wp\/v2\/product_brand?post=1509"},{"taxonomy":"product_cat","embeddable":true,"href":"https:\/\/nd.gaz69.cz\/en\/wp-json\/wp\/v2\/product_cat?post=1509"},{"taxonomy":"product_tag","embeddable":true,"href":"https:\/\/nd.gaz69.cz\/en\/wp-json\/wp\/v2\/product_tag?post=1509"}],"curies":[{"name":"wp","href":"https:\/\/api.w.org\/{rel}","templated":true}]}}