{"id":150,"date":"2024-03-27T13:54:20","date_gmt":"2024-03-27T12:54:20","guid":{"rendered":"https:\/\/nd.gaz69.cz\/?post_type=product&#038;p=150"},"modified":"2025-09-10T18:32:05","modified_gmt":"2025-09-10T16:32:05","slug":"informacni-tabulky-gaz-69a","status":"publish","type":"product","link":"https:\/\/nd.gaz69.cz\/en\/produkt\/informacni-tabulky-gaz-69a\/","title":{"rendered":"Informa\u010dn\u00ed tabulky &#8211; Gaz 69A, Gaz69AM"},"content":{"rendered":"<p>Analog. Nov\u00e9.<\/p>\n<p>Kompletn\u00ed sestava na cel\u00e9 vozidlo.<\/p>\n","protected":false},"excerpt":{"rendered":"<p>Analog. Nov\u00e9. Kompletn\u00ed sestava na cel\u00e9 vozidlo.<\/p>\n","protected":false},"featured_media":151,"template":"","meta":[],"product_brand":[],"product_cat":[45,27],"product_tag":[],"class_list":{"0":"post-150","1":"product","2":"type-product","3":"status-publish","4":"has-post-thumbnail","6":"product_cat-casti_kabiny","7":"product_cat-karoserie","9":"first","10":"instock","11":"shipping-taxable","12":"purchasable","13":"product-type-simple"},"_links":{"self":[{"href":"https:\/\/nd.gaz69.cz\/en\/wp-json\/wp\/v2\/product\/150","targetHints":{"allow":["GET"]}}],"collection":[{"href":"https:\/\/nd.gaz69.cz\/en\/wp-json\/wp\/v2\/product"}],"about":[{"href":"https:\/\/nd.gaz69.cz\/en\/wp-json\/wp\/v2\/types\/product"}],"wp:featuredmedia":[{"embeddable":true,"href":"https:\/\/nd.gaz69.cz\/en\/wp-json\/wp\/v2\/media\/151"}],"wp:attachment":[{"href":"https:\/\/nd.gaz69.cz\/en\/wp-json\/wp\/v2\/media?parent=150"}],"wp:term":[{"taxonomy":"product_brand","embeddable":true,"href":"https:\/\/nd.gaz69.cz\/en\/wp-json\/wp\/v2\/product_brand?post=150"},{"taxonomy":"product_cat","embeddable":true,"href":"https:\/\/nd.gaz69.cz\/en\/wp-json\/wp\/v2\/product_cat?post=150"},{"taxonomy":"product_tag","embeddable":true,"href":"https:\/\/nd.gaz69.cz\/en\/wp-json\/wp\/v2\/product_tag?post=150"}],"curies":[{"name":"wp","href":"https:\/\/api.w.org\/{rel}","templated":true}]}}