{"id":1489,"date":"2024-05-16T07:23:54","date_gmt":"2024-05-16T05:23:54","guid":{"rendered":"https:\/\/nd.gaz69.cz\/?post_type=product&#038;p=1489"},"modified":"2025-09-10T18:30:35","modified_gmt":"2025-09-10T16:30:35","slug":"manzeta-pak-pridavne-prevodovky","status":"publish","type":"product","link":"https:\/\/nd.gaz69.cz\/en\/produkt\/manzeta-pak-pridavne-prevodovky\/","title":{"rendered":"Man\u017eeta p\u00e1k p\u0159\u00eddavn\u00e9 p\u0159evodovky"},"content":{"rendered":"<p>Analog. Nov\u00e1.<\/p>\n<p>Vzor pou\u017eit\u00e9ho materi\u00e1lu je t\u00e9m\u011b\u0159 nerozeznateln\u00fd s origin\u00e1lem.<\/p>\n","protected":false},"excerpt":{"rendered":"<p>Analog. Nov\u00e1. Vzor pou\u017eit\u00e9ho materi\u00e1lu je t\u00e9m\u011b\u0159 nerozeznateln\u00fd s origin\u00e1lem.<\/p>\n","protected":false},"featured_media":1490,"template":"","meta":[],"product_brand":[],"product_cat":[45],"product_tag":[],"class_list":{"0":"post-1489","1":"product","2":"type-product","3":"status-publish","4":"has-post-thumbnail","6":"product_cat-casti_kabiny","8":"first","9":"instock","10":"shipping-taxable","11":"purchasable","12":"product-type-simple"},"_links":{"self":[{"href":"https:\/\/nd.gaz69.cz\/en\/wp-json\/wp\/v2\/product\/1489","targetHints":{"allow":["GET"]}}],"collection":[{"href":"https:\/\/nd.gaz69.cz\/en\/wp-json\/wp\/v2\/product"}],"about":[{"href":"https:\/\/nd.gaz69.cz\/en\/wp-json\/wp\/v2\/types\/product"}],"wp:featuredmedia":[{"embeddable":true,"href":"https:\/\/nd.gaz69.cz\/en\/wp-json\/wp\/v2\/media\/1490"}],"wp:attachment":[{"href":"https:\/\/nd.gaz69.cz\/en\/wp-json\/wp\/v2\/media?parent=1489"}],"wp:term":[{"taxonomy":"product_brand","embeddable":true,"href":"https:\/\/nd.gaz69.cz\/en\/wp-json\/wp\/v2\/product_brand?post=1489"},{"taxonomy":"product_cat","embeddable":true,"href":"https:\/\/nd.gaz69.cz\/en\/wp-json\/wp\/v2\/product_cat?post=1489"},{"taxonomy":"product_tag","embeddable":true,"href":"https:\/\/nd.gaz69.cz\/en\/wp-json\/wp\/v2\/product_tag?post=1489"}],"curies":[{"name":"wp","href":"https:\/\/api.w.org\/{rel}","templated":true}]}}