{"id":1486,"date":"2024-05-16T07:21:43","date_gmt":"2024-05-16T05:21:43","guid":{"rendered":"https:\/\/nd.gaz69.cz\/?post_type=product&#038;p=1486"},"modified":"2025-09-10T18:31:18","modified_gmt":"2025-09-10T16:31:18","slug":"manzeta-paky-rucni-brzdy","status":"publish","type":"product","link":"https:\/\/nd.gaz69.cz\/en\/produkt\/manzeta-paky-rucni-brzdy\/","title":{"rendered":"Man\u017eeta p\u00e1ky ru\u010dn\u00ed brzdy"},"content":{"rendered":"<p>Analog. Nov\u00e1.<\/p>\n<p>Vzor materi\u00e1lu man\u017eety je t\u00e9m\u011b\u0159 nerozeznateln\u00fd od origin\u00e1lu.<\/p>\n","protected":false},"excerpt":{"rendered":"<p>Analog. Nov\u00e1. Vzor materi\u00e1lu man\u017eety je t\u00e9m\u011b\u0159 nerozeznateln\u00fd od origin\u00e1lu.<\/p>\n","protected":false},"featured_media":1487,"template":"","meta":[],"product_brand":[],"product_cat":[45],"product_tag":[],"class_list":{"0":"post-1486","1":"product","2":"type-product","3":"status-publish","4":"has-post-thumbnail","6":"product_cat-casti_kabiny","8":"first","9":"instock","10":"shipping-taxable","11":"purchasable","12":"product-type-simple"},"_links":{"self":[{"href":"https:\/\/nd.gaz69.cz\/en\/wp-json\/wp\/v2\/product\/1486","targetHints":{"allow":["GET"]}}],"collection":[{"href":"https:\/\/nd.gaz69.cz\/en\/wp-json\/wp\/v2\/product"}],"about":[{"href":"https:\/\/nd.gaz69.cz\/en\/wp-json\/wp\/v2\/types\/product"}],"wp:featuredmedia":[{"embeddable":true,"href":"https:\/\/nd.gaz69.cz\/en\/wp-json\/wp\/v2\/media\/1487"}],"wp:attachment":[{"href":"https:\/\/nd.gaz69.cz\/en\/wp-json\/wp\/v2\/media?parent=1486"}],"wp:term":[{"taxonomy":"product_brand","embeddable":true,"href":"https:\/\/nd.gaz69.cz\/en\/wp-json\/wp\/v2\/product_brand?post=1486"},{"taxonomy":"product_cat","embeddable":true,"href":"https:\/\/nd.gaz69.cz\/en\/wp-json\/wp\/v2\/product_cat?post=1486"},{"taxonomy":"product_tag","embeddable":true,"href":"https:\/\/nd.gaz69.cz\/en\/wp-json\/wp\/v2\/product_tag?post=1486"}],"curies":[{"name":"wp","href":"https:\/\/api.w.org\/{rel}","templated":true}]}}