{"id":1447,"date":"2024-05-15T17:13:49","date_gmt":"2024-05-15T15:13:49","guid":{"rendered":"https:\/\/nd.gaz69.cz\/?post_type=product&#038;p=1447"},"modified":"2026-02-28T09:18:10","modified_gmt":"2026-02-28T08:18:10","slug":"excentr-predni-brzdy-provedeni-4-kusy-valecku-na-1-naprave","status":"publish","type":"product","link":"https:\/\/nd.gaz69.cz\/en\/produkt\/excentr-predni-brzdy-provedeni-4-kusy-valecku-na-1-naprave\/","title":{"rendered":"Excentr &#8211; p\u0159edn\u00ed brzdy &#8211; proveden\u00ed 4 kusy v\u00e1le\u010dk\u016f na 1 n\u00e1prav\u011b &#8211; DO\u010cASN\u011a VYPROD\u00c1NO&#8230;"},"content":{"rendered":"<p>Analog. Nov\u00fd.<\/p>\n","protected":false},"excerpt":{"rendered":"<p>Analog. Nov\u00fd.<\/p>\n","protected":false},"featured_media":1448,"template":"","meta":[],"product_brand":[],"product_cat":[29,54],"product_tag":[],"class_list":{"0":"post-1447","1":"product","2":"type-product","3":"status-publish","4":"has-post-thumbnail","6":"product_cat-brzdovy_system","7":"product_cat-uaz_469_uaz_452","9":"first","10":"instock","11":"shipping-taxable","12":"purchasable","13":"product-type-simple"},"_links":{"self":[{"href":"https:\/\/nd.gaz69.cz\/en\/wp-json\/wp\/v2\/product\/1447","targetHints":{"allow":["GET"]}}],"collection":[{"href":"https:\/\/nd.gaz69.cz\/en\/wp-json\/wp\/v2\/product"}],"about":[{"href":"https:\/\/nd.gaz69.cz\/en\/wp-json\/wp\/v2\/types\/product"}],"wp:featuredmedia":[{"embeddable":true,"href":"https:\/\/nd.gaz69.cz\/en\/wp-json\/wp\/v2\/media\/1448"}],"wp:attachment":[{"href":"https:\/\/nd.gaz69.cz\/en\/wp-json\/wp\/v2\/media?parent=1447"}],"wp:term":[{"taxonomy":"product_brand","embeddable":true,"href":"https:\/\/nd.gaz69.cz\/en\/wp-json\/wp\/v2\/product_brand?post=1447"},{"taxonomy":"product_cat","embeddable":true,"href":"https:\/\/nd.gaz69.cz\/en\/wp-json\/wp\/v2\/product_cat?post=1447"},{"taxonomy":"product_tag","embeddable":true,"href":"https:\/\/nd.gaz69.cz\/en\/wp-json\/wp\/v2\/product_tag?post=1447"}],"curies":[{"name":"wp","href":"https:\/\/api.w.org\/{rel}","templated":true}]}}