{"id":1437,"date":"2024-05-15T16:44:52","date_gmt":"2024-05-15T14:44:52","guid":{"rendered":"https:\/\/nd.gaz69.cz\/?post_type=product&#038;p=1437"},"modified":"2025-03-13T18:08:38","modified_gmt":"2025-03-13T17:08:38","slug":"brzdovy-stit-valecek-celisti-rucni-brzdy","status":"publish","type":"product","link":"https:\/\/nd.gaz69.cz\/en\/produkt\/brzdovy-stit-valecek-celisti-rucni-brzdy\/","title":{"rendered":"Brzdov\u00fd \u0161t\u00edt &#8211; v\u00e1le\u010dek &#8211; \u010delisti \/ ru\u010dn\u00ed brzdy"},"content":{"rendered":"<p>Analog. Nov\u00e9.<\/p>\n<p>Proveden\u00ed pro brzdov\u00e9 t\u00e1hlo. <strong>NE<\/strong> pro brzdov\u00e9 lanko.<\/p>\n<p>Cen\u00a0 je uvedena za cel\u00fd komplet na fotografii.<\/p>\n","protected":false},"excerpt":{"rendered":"<p>Analog. Nov\u00e9. Proveden\u00ed pro brzdov\u00e9 t\u00e1hlo. NE pro brzdov\u00e9 lanko. Cen\u00a0 je uvedena za cel\u00fd komplet na fotografii.<\/p>\n","protected":false},"featured_media":1438,"template":"","meta":[],"product_brand":[],"product_cat":[29,54],"product_tag":[],"class_list":{"0":"post-1437","1":"product","2":"type-product","3":"status-publish","4":"has-post-thumbnail","6":"product_cat-brzdovy_system","7":"product_cat-uaz_469_uaz_452","9":"first","10":"instock","11":"shipping-taxable","12":"purchasable","13":"product-type-simple"},"_links":{"self":[{"href":"https:\/\/nd.gaz69.cz\/en\/wp-json\/wp\/v2\/product\/1437","targetHints":{"allow":["GET"]}}],"collection":[{"href":"https:\/\/nd.gaz69.cz\/en\/wp-json\/wp\/v2\/product"}],"about":[{"href":"https:\/\/nd.gaz69.cz\/en\/wp-json\/wp\/v2\/types\/product"}],"wp:featuredmedia":[{"embeddable":true,"href":"https:\/\/nd.gaz69.cz\/en\/wp-json\/wp\/v2\/media\/1438"}],"wp:attachment":[{"href":"https:\/\/nd.gaz69.cz\/en\/wp-json\/wp\/v2\/media?parent=1437"}],"wp:term":[{"taxonomy":"product_brand","embeddable":true,"href":"https:\/\/nd.gaz69.cz\/en\/wp-json\/wp\/v2\/product_brand?post=1437"},{"taxonomy":"product_cat","embeddable":true,"href":"https:\/\/nd.gaz69.cz\/en\/wp-json\/wp\/v2\/product_cat?post=1437"},{"taxonomy":"product_tag","embeddable":true,"href":"https:\/\/nd.gaz69.cz\/en\/wp-json\/wp\/v2\/product_tag?post=1437"}],"curies":[{"name":"wp","href":"https:\/\/api.w.org\/{rel}","templated":true}]}}