{"id":140,"date":"2024-11-11T08:46:49","date_gmt":"2024-11-11T07:46:49","guid":{"rendered":"https:\/\/nd.gaz69.cz\/?post_type=product&#038;p=140"},"modified":"2026-03-03T14:35:21","modified_gmt":"2026-03-03T13:35:21","slug":"brzdovy-valecek-puleny-pravy","status":"publish","type":"product","link":"https:\/\/nd.gaz69.cz\/en\/produkt\/brzdovy-valecek-puleny-pravy\/","title":{"rendered":"Brzdov\u00fd v\u00e1le\u010dek p\u016flen\u00fd &#8211; prav\u00fd"},"content":{"rendered":"<p>Analog. Nov\u00fd.<\/p>\n<p>Pr\u016fm\u011br vnit\u0159n\u00edho p\u00edstu je 32 mm.<\/p>\n<p><strong>DOPORU\u010cEN\u00cd : POU\u017d\u00cdVEJTE V\u00ddHRADN\u011a \u010cERVENOU NEBO SILIKONOVOU BRZDOVOU KAPALINU .<\/strong><\/p>\n","protected":false},"excerpt":{"rendered":"<p>Analog. Nov\u00fd. Pr\u016fm\u011br vnit\u0159n\u00edho p\u00edstu je 32 mm. DOPORU\u010cEN\u00cd : POU\u017d\u00cdVEJTE V\u00ddHRADN\u011a \u010cERVENOU NEBO SILIKONOVOU BRZDOVOU KAPALINU .<\/p>\n","protected":false},"featured_media":141,"template":"","meta":[],"product_brand":[],"product_cat":[29,54],"product_tag":[],"class_list":{"0":"post-140","1":"product","2":"type-product","3":"status-publish","4":"has-post-thumbnail","6":"product_cat-brzdovy_system","7":"product_cat-uaz_469_uaz_452","9":"first","10":"instock","11":"shipping-taxable","12":"purchasable","13":"product-type-simple"},"_links":{"self":[{"href":"https:\/\/nd.gaz69.cz\/en\/wp-json\/wp\/v2\/product\/140","targetHints":{"allow":["GET"]}}],"collection":[{"href":"https:\/\/nd.gaz69.cz\/en\/wp-json\/wp\/v2\/product"}],"about":[{"href":"https:\/\/nd.gaz69.cz\/en\/wp-json\/wp\/v2\/types\/product"}],"wp:featuredmedia":[{"embeddable":true,"href":"https:\/\/nd.gaz69.cz\/en\/wp-json\/wp\/v2\/media\/141"}],"wp:attachment":[{"href":"https:\/\/nd.gaz69.cz\/en\/wp-json\/wp\/v2\/media?parent=140"}],"wp:term":[{"taxonomy":"product_brand","embeddable":true,"href":"https:\/\/nd.gaz69.cz\/en\/wp-json\/wp\/v2\/product_brand?post=140"},{"taxonomy":"product_cat","embeddable":true,"href":"https:\/\/nd.gaz69.cz\/en\/wp-json\/wp\/v2\/product_cat?post=140"},{"taxonomy":"product_tag","embeddable":true,"href":"https:\/\/nd.gaz69.cz\/en\/wp-json\/wp\/v2\/product_tag?post=140"}],"curies":[{"name":"wp","href":"https:\/\/api.w.org\/{rel}","templated":true}]}}