{"id":138,"date":"2024-10-21T19:51:31","date_gmt":"2024-10-21T17:51:31","guid":{"rendered":"https:\/\/nd.gaz69.cz\/?post_type=product&#038;p=138"},"modified":"2026-03-03T14:36:29","modified_gmt":"2026-03-03T13:36:29","slug":"brzdova-celist","status":"publish","type":"product","link":"https:\/\/nd.gaz69.cz\/en\/produkt\/brzdova-celist\/","title":{"rendered":"Brzdov\u00e1 \u010delist"},"content":{"rendered":"<p>Analog. Nov\u00e1.<\/p>\n<p><strong>Pro vozidlo ARO M461, lze pou\u017e\u00edt pro p\u0159edn\u00ed n\u00e1pravu, pro n\u00e1pravu zadn\u00ed se mus\u00ed \u010delist upravit.<\/strong><\/p>\n<p>&nbsp;<\/p>\n<p>&nbsp;<\/p>\n","protected":false},"excerpt":{"rendered":"<p>Analog. Nov\u00e1. Pro vozidlo ARO M461, lze pou\u017e\u00edt pro p\u0159edn\u00ed n\u00e1pravu, pro n\u00e1pravu zadn\u00ed se mus\u00ed \u010delist upravit. &nbsp; &nbsp;<\/p>\n","protected":false},"featured_media":4512,"template":"","meta":[],"product_brand":[],"product_cat":[29,54,57],"product_tag":[],"class_list":{"0":"post-138","1":"product","2":"type-product","3":"status-publish","4":"has-post-thumbnail","6":"product_cat-brzdovy_system","7":"product_cat-uaz_469_uaz_452","8":"product_cat-aro_m461","10":"first","11":"instock","12":"shipping-taxable","13":"purchasable","14":"product-type-simple"},"_links":{"self":[{"href":"https:\/\/nd.gaz69.cz\/en\/wp-json\/wp\/v2\/product\/138","targetHints":{"allow":["GET"]}}],"collection":[{"href":"https:\/\/nd.gaz69.cz\/en\/wp-json\/wp\/v2\/product"}],"about":[{"href":"https:\/\/nd.gaz69.cz\/en\/wp-json\/wp\/v2\/types\/product"}],"wp:featuredmedia":[{"embeddable":true,"href":"https:\/\/nd.gaz69.cz\/en\/wp-json\/wp\/v2\/media\/4512"}],"wp:attachment":[{"href":"https:\/\/nd.gaz69.cz\/en\/wp-json\/wp\/v2\/media?parent=138"}],"wp:term":[{"taxonomy":"product_brand","embeddable":true,"href":"https:\/\/nd.gaz69.cz\/en\/wp-json\/wp\/v2\/product_brand?post=138"},{"taxonomy":"product_cat","embeddable":true,"href":"https:\/\/nd.gaz69.cz\/en\/wp-json\/wp\/v2\/product_cat?post=138"},{"taxonomy":"product_tag","embeddable":true,"href":"https:\/\/nd.gaz69.cz\/en\/wp-json\/wp\/v2\/product_tag?post=138"}],"curies":[{"name":"wp","href":"https:\/\/api.w.org\/{rel}","templated":true}]}}