{"id":1276,"date":"2024-05-05T09:24:31","date_gmt":"2024-05-05T07:24:31","guid":{"rendered":"https:\/\/nd.gaz69.cz\/?post_type=product&#038;p=1276"},"modified":"2025-08-26T16:31:45","modified_gmt":"2025-08-26T14:31:45","slug":"kriz-kloubu-spojovaci-hridele-s-tesnenim-a-lozisky","status":"publish","type":"product","link":"https:\/\/nd.gaz69.cz\/en\/produkt\/kriz-kloubu-spojovaci-hridele-s-tesnenim-a-lozisky\/","title":{"rendered":"K\u0159\u00ed\u017e kloubu spojovac\u00ed h\u0159\u00eddele s t\u011bsn\u011bn\u00edm a lo\u017eisky &#8211; ORIGIN\u00c1L"},"content":{"rendered":"<p>Origin\u00e1l. Nov\u00fd.<\/p>\n","protected":false},"excerpt":{"rendered":"<p>Origin\u00e1l. Nov\u00fd.<\/p>\n","protected":false},"featured_media":1277,"template":"","meta":[],"product_brand":[],"product_cat":[28,54,57],"product_tag":[],"class_list":{"0":"post-1276","1":"product","2":"type-product","3":"status-publish","4":"has-post-thumbnail","6":"product_cat-podvozek","7":"product_cat-uaz_469_uaz_452","8":"product_cat-aro_m461","10":"first","11":"instock","12":"shipping-taxable","13":"purchasable","14":"product-type-simple"},"_links":{"self":[{"href":"https:\/\/nd.gaz69.cz\/en\/wp-json\/wp\/v2\/product\/1276","targetHints":{"allow":["GET"]}}],"collection":[{"href":"https:\/\/nd.gaz69.cz\/en\/wp-json\/wp\/v2\/product"}],"about":[{"href":"https:\/\/nd.gaz69.cz\/en\/wp-json\/wp\/v2\/types\/product"}],"wp:featuredmedia":[{"embeddable":true,"href":"https:\/\/nd.gaz69.cz\/en\/wp-json\/wp\/v2\/media\/1277"}],"wp:attachment":[{"href":"https:\/\/nd.gaz69.cz\/en\/wp-json\/wp\/v2\/media?parent=1276"}],"wp:term":[{"taxonomy":"product_brand","embeddable":true,"href":"https:\/\/nd.gaz69.cz\/en\/wp-json\/wp\/v2\/product_brand?post=1276"},{"taxonomy":"product_cat","embeddable":true,"href":"https:\/\/nd.gaz69.cz\/en\/wp-json\/wp\/v2\/product_cat?post=1276"},{"taxonomy":"product_tag","embeddable":true,"href":"https:\/\/nd.gaz69.cz\/en\/wp-json\/wp\/v2\/product_tag?post=1276"}],"curies":[{"name":"wp","href":"https:\/\/api.w.org\/{rel}","templated":true}]}}