{"id":1111,"date":"2024-04-28T10:10:42","date_gmt":"2024-04-28T08:10:42","guid":{"rendered":"https:\/\/nd.gaz69.cz\/?post_type=product&#038;p=1111"},"modified":"2024-04-28T10:10:43","modified_gmt":"2024-04-28T08:10:43","slug":"popruh-94-cm","status":"publish","type":"product","link":"https:\/\/nd.gaz69.cz\/en\/produkt\/popruh-94-cm\/","title":{"rendered":"Popruh &#8211; 94 cm"},"content":{"rendered":"<p>Origin\u00e1l . Nov\u00fd.<\/p>\n<p>Popruh lze vyu\u017e\u00edt nap\u0159\u00edklad na sta\u017een\u00ed spac\u00edho pytle, maskovac\u00ed s\u00edt\u011b apod.<\/p>\n","protected":false},"excerpt":{"rendered":"<p>Origin\u00e1l . Nov\u00fd. Popruh lze vyu\u017e\u00edt nap\u0159\u00edklad na sta\u017een\u00ed spac\u00edho pytle, maskovac\u00ed s\u00edt\u011b apod.<\/p>\n","protected":false},"featured_media":1112,"template":"","meta":[],"product_brand":[],"product_cat":[33],"product_tag":[],"class_list":{"0":"post-1111","1":"product","2":"type-product","3":"status-publish","4":"has-post-thumbnail","6":"product_cat-vybava_naradi_doplnky","8":"first","9":"instock","10":"shipping-taxable","11":"purchasable","12":"product-type-simple"},"_links":{"self":[{"href":"https:\/\/nd.gaz69.cz\/en\/wp-json\/wp\/v2\/product\/1111","targetHints":{"allow":["GET"]}}],"collection":[{"href":"https:\/\/nd.gaz69.cz\/en\/wp-json\/wp\/v2\/product"}],"about":[{"href":"https:\/\/nd.gaz69.cz\/en\/wp-json\/wp\/v2\/types\/product"}],"wp:featuredmedia":[{"embeddable":true,"href":"https:\/\/nd.gaz69.cz\/en\/wp-json\/wp\/v2\/media\/1112"}],"wp:attachment":[{"href":"https:\/\/nd.gaz69.cz\/en\/wp-json\/wp\/v2\/media?parent=1111"}],"wp:term":[{"taxonomy":"product_brand","embeddable":true,"href":"https:\/\/nd.gaz69.cz\/en\/wp-json\/wp\/v2\/product_brand?post=1111"},{"taxonomy":"product_cat","embeddable":true,"href":"https:\/\/nd.gaz69.cz\/en\/wp-json\/wp\/v2\/product_cat?post=1111"},{"taxonomy":"product_tag","embeddable":true,"href":"https:\/\/nd.gaz69.cz\/en\/wp-json\/wp\/v2\/product_tag?post=1111"}],"curies":[{"name":"wp","href":"https:\/\/api.w.org\/{rel}","templated":true}]}}