{"id":1079,"date":"2024-04-27T11:48:58","date_gmt":"2024-04-27T09:48:58","guid":{"rendered":"https:\/\/nd.gaz69.cz\/?post_type=product&#038;p=1079"},"modified":"2024-04-27T11:48:58","modified_gmt":"2024-04-27T09:48:58","slug":"prodluzovaci-trubicka-anteny-kulikovka","status":"publish","type":"product","link":"https:\/\/nd.gaz69.cz\/en\/produkt\/prodluzovaci-trubicka-anteny-kulikovka\/","title":{"rendered":"Prodlu\u017eovac\u00ed trubi\u010dka ant\u00e9ny ,,Kulikovka &#8222;"},"content":{"rendered":"<p>Origin\u00e1l Nov\u00e1.<\/p>\n","protected":false},"excerpt":{"rendered":"<p>Origin\u00e1l Nov\u00e1.<\/p>\n","protected":false},"featured_media":1080,"template":"","meta":[],"product_brand":[],"product_cat":[33],"product_tag":[],"class_list":{"0":"post-1079","1":"product","2":"type-product","3":"status-publish","4":"has-post-thumbnail","6":"product_cat-vybava_naradi_doplnky","8":"first","9":"instock","10":"shipping-taxable","11":"purchasable","12":"product-type-simple"},"_links":{"self":[{"href":"https:\/\/nd.gaz69.cz\/en\/wp-json\/wp\/v2\/product\/1079","targetHints":{"allow":["GET"]}}],"collection":[{"href":"https:\/\/nd.gaz69.cz\/en\/wp-json\/wp\/v2\/product"}],"about":[{"href":"https:\/\/nd.gaz69.cz\/en\/wp-json\/wp\/v2\/types\/product"}],"wp:featuredmedia":[{"embeddable":true,"href":"https:\/\/nd.gaz69.cz\/en\/wp-json\/wp\/v2\/media\/1080"}],"wp:attachment":[{"href":"https:\/\/nd.gaz69.cz\/en\/wp-json\/wp\/v2\/media?parent=1079"}],"wp:term":[{"taxonomy":"product_brand","embeddable":true,"href":"https:\/\/nd.gaz69.cz\/en\/wp-json\/wp\/v2\/product_brand?post=1079"},{"taxonomy":"product_cat","embeddable":true,"href":"https:\/\/nd.gaz69.cz\/en\/wp-json\/wp\/v2\/product_cat?post=1079"},{"taxonomy":"product_tag","embeddable":true,"href":"https:\/\/nd.gaz69.cz\/en\/wp-json\/wp\/v2\/product_tag?post=1079"}],"curies":[{"name":"wp","href":"https:\/\/api.w.org\/{rel}","templated":true}]}}