{"id":1073,"date":"2024-04-27T11:45:45","date_gmt":"2024-04-27T09:45:45","guid":{"rendered":"https:\/\/nd.gaz69.cz\/?post_type=product&#038;p=1073"},"modified":"2026-01-21T15:46:14","modified_gmt":"2026-01-21T14:46:14","slug":"antena-kulikovka","status":"publish","type":"product","link":"https:\/\/nd.gaz69.cz\/en\/produkt\/antena-kulikovka\/","title":{"rendered":"Ant\u00e9na ,, Kulikovka &#8222;"},"content":{"rendered":"<p>Origin\u00e1l. Nov\u00e1.<\/p>\n<p>Kompletn\u00ed.<\/p>\n<p>Obsahem je dr\u017e\u00e1k ant\u00e9ny, ant\u00e9na a 6 kus\u016f prodlu\u017eovac\u00edch prut\u016f.<\/p>\n","protected":false},"excerpt":{"rendered":"<p>Origin\u00e1l. Nov\u00e1. Kompletn\u00ed. Obsahem je dr\u017e\u00e1k ant\u00e9ny, ant\u00e9na a 6 kus\u016f prodlu\u017eovac\u00edch prut\u016f.<\/p>\n","protected":false},"featured_media":1074,"template":"","meta":[],"product_brand":[],"product_cat":[33],"product_tag":[],"class_list":{"0":"post-1073","1":"product","2":"type-product","3":"status-publish","4":"has-post-thumbnail","6":"product_cat-vybava_naradi_doplnky","8":"first","9":"instock","10":"shipping-taxable","11":"purchasable","12":"product-type-simple"},"_links":{"self":[{"href":"https:\/\/nd.gaz69.cz\/en\/wp-json\/wp\/v2\/product\/1073","targetHints":{"allow":["GET"]}}],"collection":[{"href":"https:\/\/nd.gaz69.cz\/en\/wp-json\/wp\/v2\/product"}],"about":[{"href":"https:\/\/nd.gaz69.cz\/en\/wp-json\/wp\/v2\/types\/product"}],"wp:featuredmedia":[{"embeddable":true,"href":"https:\/\/nd.gaz69.cz\/en\/wp-json\/wp\/v2\/media\/1074"}],"wp:attachment":[{"href":"https:\/\/nd.gaz69.cz\/en\/wp-json\/wp\/v2\/media?parent=1073"}],"wp:term":[{"taxonomy":"product_brand","embeddable":true,"href":"https:\/\/nd.gaz69.cz\/en\/wp-json\/wp\/v2\/product_brand?post=1073"},{"taxonomy":"product_cat","embeddable":true,"href":"https:\/\/nd.gaz69.cz\/en\/wp-json\/wp\/v2\/product_cat?post=1073"},{"taxonomy":"product_tag","embeddable":true,"href":"https:\/\/nd.gaz69.cz\/en\/wp-json\/wp\/v2\/product_tag?post=1073"}],"curies":[{"name":"wp","href":"https:\/\/api.w.org\/{rel}","templated":true}]}}