{"id":928,"date":"2024-04-26T11:57:09","date_gmt":"2024-04-26T09:57:09","guid":{"rendered":"https:\/\/nd.gaz69.cz\/?page_id=928"},"modified":"2024-04-27T12:07:21","modified_gmt":"2024-04-27T10:07:21","slug":"o-nas","status":"publish","type":"page","link":"https:\/\/nd.gaz69.cz\/en\/uvod\/o-nas\/","title":{"rendered":"O n\u00e1s"},"content":{"rendered":"<p>V\u00edt\u00e1me V\u00e1s v na\u0161em internetov\u00e9m obchod\u011b s n\u00e1hradn\u00edmi d\u00edly pro vozidlo <em><strong>Gaz 69<\/strong><\/em>.<\/p>\n<p>N\u00e1\u0161 t\u00fdm, m\u00e1 bohat\u00e9 zku\u0161enosti a znalosti v oboru prodeje n\u00e1hradn\u00edch d\u00edlu pro automobily vyr\u00e1b\u011bn\u00e9 v b\u00fdval\u00e9m SSSR. Na\u0161\u00ed prioritou je v\u0161ak vozidlo <em><strong>Gaz 69<\/strong><\/em>.<\/p>\n<p>Zab\u00fdv\u00e1me se prodejem d\u00edl\u016f jak origin\u00e1ln\u00edch, tak v n\u00e1hrad\u00e1ch. Poskytujeme cel\u00fd sortiment d\u00edl\u016f pro V\u00e1\u0161 Gaz 69. Spolupracujeme s mnoha dodavateli a d\u00edky tomu m\u016f\u017eeme zajistit velmi rozs\u00e1hlou \u0161k\u00e1lu origin\u00e1ln\u00edch d\u00edl\u016f a jejich kvalitn\u00edch n\u00e1hrad.<\/p>\n<p>V na\u0161em internetov\u00e9m obchod\u011b, se budeme sna\u017eit neust\u00e1le p\u0159id\u00e1vat nov\u00e9 d\u00edly. V\u0161echny d\u00edly objednan\u00e9 na na\u0161em e-shopu, m\u016f\u017eete vyzvednout po telefonick\u00e9 domluv\u011b v na\u0161\u00ed prodejn\u011b ( Ko\u017eelu\u017esk\u00e1 \u010d.p. 219, Vala\u0161sk\u00e9 Klobouky, 766 01 ),\u00a0 zdarma.<\/p>\n<p>Ke ka\u017ed\u00e9mu zbo\u017e\u00ed V\u00e1m vystav\u00edme fakturu, kterou si pros\u00edm uschovejte, pro p\u0159\u00edpadn\u00e9 reklamace.<\/p>\n<p>Na ka\u017ed\u00fd n\u00e1hradn\u00ed d\u00edl z na\u0161eho E-shopu, se vztahuje z\u00e1konn\u00e1 z\u00e1ru\u010dn\u00ed doba <b>24 m\u011bs\u00edc\u016f<\/b>. Pro p\u0159\u00edpad n\u00e1kupu p\u0159es e-shop b\u011b\u017e\u00ed z\u00e1ru\u010dn\u00ed doba ode dne doru\u010den\u00ed zbo\u017e\u00ed na Va\u0161i adresu, p\u0159\u00edpadn\u011b od osobn\u00edho p\u0159evzet\u00ed. Datum objedn\u00e1n\u00ed nebo zaplacen\u00ed zde nehraje \u017e\u00e1dnou roli.<\/p>\n<p>Pokud v na\u0161em internetov\u00e9m obchod\u011b nenajdete d\u00edl, kter\u00fd pot\u0159ebujete, kontaktujete n\u00e1s pros\u00edm telefonicky, e-mailem nebo cestou WhatsApp.<\/p>\n<p>Pro p\u0159\u00edpadn\u00e9 dotazy ohledn\u011b zbo\u017e\u00ed, dopravy apod., n\u00e1s nev\u00e1hejte kontaktovat ( Po-Ne, 07:00 &#8211; 19:00 ).<\/p>\n<ul>\n<li>M\u00e1me dlouholet\u00e9 zku\u0161enosti<\/li>\n<li>R\u00e1di v\u00e1m pom\u016f\u017eeme s v\u00fdb\u011brem d\u00edl\u016f<\/li>\n<li>\u017d\u00e1dn\u00e9 nekvalitn\u00ed n\u00e1hrady nebo n\u00e1hra\u017eky poctiv\u00fdch d\u00edl\u016f<\/li>\n<li>Zbo\u017e\u00ed reklamujeme v co nejkrat\u0161\u00ed dob\u011b<\/li>\n<\/ul>\n<p><strong>Vzhledem ke skute\u010dnosti, \u017ee se n\u00e1\u0161 t\u00fdm sna\u017e\u00ed dod\u00e1vat z\u00e1kazn\u00edk\u016fm co nejv\u00edce nov\u00fdch, origin\u00e1ln\u00edch, n\u00e1hradn\u00edch d\u00edl\u016f, vyroben\u00fdch v dob\u00e1ch SSSR, m\u016f\u017eou n\u011bkter\u00e9 z d\u00edl\u016f n\u00e9st zn\u00e1mky dlouhodob\u00e9ho skladov\u00e1n\u00ed v podob\u011b \u010d\u00e1ste\u010dn\u00e9 oxidace, rzi a od\u011brek. Mnoho d\u00edl\u016f je v tov\u00e1rn\u00edm, zakonzervovan\u00e9m stavu a pro jejich plnou funkci, je nutno tuto konzervaci p\u0159ed pou\u017eit\u00edm dan\u00e9ho d\u00edl\u016f odstranit.<\/strong><\/p>\n<p><strong>D\u011bkujeme, \u017ee v\u00fd\u0161e uveden\u00e9 informace berete na v\u011bdom\u00ed a v\u011b\u0159\u00edme, \u017ee s na\u0161im sortimentem n\u00e1hradn\u00edch d\u00edl\u016f, budete v\u017edy maxim\u00e1ln\u011b spokojeni.<\/strong><\/p>\n<p><strong>NEJSME PL\u00c1TCI DPH !<\/strong><\/p>\n<p>&nbsp;<\/p>\n","protected":false},"excerpt":{"rendered":"<p>V\u00edt\u00e1me V\u00e1s v na\u0161em internetov\u00e9m obchod\u011b s n\u00e1hradn\u00edmi d\u00edly pro vozidlo Gaz 69. N\u00e1\u0161 t\u00fdm, m\u00e1 bohat\u00e9 zku\u0161enosti a znalosti v oboru prodeje n\u00e1hradn\u00edch d\u00edlu pro automobily vyr\u00e1b\u011bn\u00e9 v b\u00fdval\u00e9m SSSR. Na\u0161\u00ed prioritou je v\u0161ak vozidlo Gaz 69. Zab\u00fdv\u00e1me se prodejem d\u00edl\u016f jak origin\u00e1ln\u00edch, tak v n\u00e1hrad\u00e1ch. Poskytujeme cel\u00fd sortiment d\u00edl\u016f pro V\u00e1\u0161 Gaz 69. [&hellip;]<\/p>\n","protected":false},"author":2,"featured_media":0,"parent":26,"menu_order":2,"comment_status":"closed","ping_status":"closed","template":"","meta":{"footnotes":""},"class_list":["post-928","page","type-page","status-publish","hentry"],"_links":{"self":[{"href":"https:\/\/nd.gaz69.cz\/en\/wp-json\/wp\/v2\/pages\/928","targetHints":{"allow":["GET"]}}],"collection":[{"href":"https:\/\/nd.gaz69.cz\/en\/wp-json\/wp\/v2\/pages"}],"about":[{"href":"https:\/\/nd.gaz69.cz\/en\/wp-json\/wp\/v2\/types\/page"}],"author":[{"embeddable":true,"href":"https:\/\/nd.gaz69.cz\/en\/wp-json\/wp\/v2\/users\/2"}],"replies":[{"embeddable":true,"href":"https:\/\/nd.gaz69.cz\/en\/wp-json\/wp\/v2\/comments?post=928"}],"version-history":[{"count":6,"href":"https:\/\/nd.gaz69.cz\/en\/wp-json\/wp\/v2\/pages\/928\/revisions"}],"predecessor-version":[{"id":1097,"href":"https:\/\/nd.gaz69.cz\/en\/wp-json\/wp\/v2\/pages\/928\/revisions\/1097"}],"up":[{"embeddable":true,"href":"https:\/\/nd.gaz69.cz\/en\/wp-json\/wp\/v2\/pages\/26"}],"wp:attachment":[{"href":"https:\/\/nd.gaz69.cz\/en\/wp-json\/wp\/v2\/media?parent=928"}],"curies":[{"name":"wp","href":"https:\/\/api.w.org\/{rel}","templated":true}]}}