{"id":9,"date":"2024-03-14T18:52:52","date_gmt":"2024-03-14T17:52:52","guid":{"rendered":"https:\/\/nd.gaz69.cz\/kosik\/"},"modified":"2024-04-30T12:56:39","modified_gmt":"2024-04-30T10:56:39","slug":"kosik","status":"publish","type":"page","link":"https:\/\/nd.gaz69.cz\/en\/obchod\/kosik\/","title":{"rendered":"Ko\u0161\u00edk"},"content":{"rendered":"\n<div data-block-name=\"woocommerce\/cart\" class=\"wp-block-woocommerce-cart alignwide is-loading wc-block-cart\">\n<div data-block-name=\"woocommerce\/filled-cart-block\" class=\"wp-block-woocommerce-filled-cart-block\">\n<div data-block-name=\"woocommerce\/cart-items-block\" class=\"wp-block-woocommerce-cart-items-block\">\n<div data-block-name=\"woocommerce\/cart-line-items-block\" class=\"wp-block-woocommerce-cart-line-items-block\"><\/div>\n\n\n\n<div data-block-name=\"woocommerce\/cart-cross-sells-block\" class=\"wp-block-woocommerce-cart-cross-sells-block\">\n<h2 class=\"wp-block-heading has-large-font-size\">Mohlo by se Ti l\u00edbit\u2026<\/h2>\n\n\n\n<div data-block-name=\"woocommerce\/cart-cross-sells-products-block\" class=\"wp-block-woocommerce-cart-cross-sells-products-block\"><\/div>\n<\/div>\n<\/div>\n\n\n\n<div data-block-name=\"woocommerce\/cart-totals-block\" class=\"wp-block-woocommerce-cart-totals-block\">\n<div data-block-name=\"woocommerce\/cart-order-summary-block\" class=\"wp-block-woocommerce-cart-order-summary-block\">\n<div data-block-name=\"woocommerce\/cart-order-summary-heading-block\" data-content=\"Celkem k platb\u011b\" class=\"wp-block-woocommerce-cart-order-summary-heading-block\"><\/div><div data-block-name=\"woocommerce\/cart-order-summary-coupon-form-block\" class=\"wp-block-woocommerce-cart-order-summary-coupon-form-block\"><\/div><div data-block-name=\"woocommerce\/cart-order-summary-totals-block\" class=\"wp-block-woocommerce-cart-order-summary-totals-block\">\n<div data-block-name=\"woocommerce\/cart-order-summary-subtotal-block\" class=\"wp-block-woocommerce-cart-order-summary-subtotal-block\"><\/div>\n<div data-block-name=\"woocommerce\/cart-order-summary-discount-block\" class=\"wp-block-woocommerce-cart-order-summary-discount-block\"><\/div>\n<div data-block-name=\"woocommerce\/cart-order-summary-fee-block\" class=\"wp-block-woocommerce-cart-order-summary-fee-block\"><\/div>\n<div data-block-name=\"woocommerce\/cart-order-summary-shipping-block\" class=\"wp-block-woocommerce-cart-order-summary-shipping-block\"><\/div>\n<div data-block-name=\"woocommerce\/cart-order-summary-taxes-block\" class=\"wp-block-woocommerce-cart-order-summary-taxes-block\"><\/div><\/div>\n<\/div>\n\n\n\n<div data-block-name=\"woocommerce\/cart-express-payment-block\" class=\"wp-block-woocommerce-cart-express-payment-block\"><\/div>\n\n\n\n<div data-block-name=\"woocommerce\/proceed-to-checkout-block\" class=\"wp-block-woocommerce-proceed-to-checkout-block\"><\/div>\n\n\n\n<div data-block-name=\"woocommerce\/cart-accepted-payment-methods-block\" class=\"wp-block-woocommerce-cart-accepted-payment-methods-block\"><\/div>\n<\/div>\n<\/div>\n\n\n\n<div data-block-name=\"woocommerce\/empty-cart-block\" class=\"wp-block-woocommerce-empty-cart-block\">\n<h2 class=\"wp-block-heading has-text-align-center with-empty-cart-icon wc-block-cart__empty-cart__title\">V\u00e1\u0161 ko\u0161\u00edk je aktu\u00e1ln\u011b pr\u00e1zdn\u00fd!<\/h2>\n\n\n\n<p class=\"has-text-align-center\"><a href=\"https:\/\/nd.gaz69.cz\/obchod\/\">Prohl\u00ed\u017eet obchod<\/a>.<\/p>\n\n\n\n<hr class=\"wp-block-separator has-alpha-channel-opacity is-style-dots\"\/>\n\n\n\n<h2 class=\"wp-block-heading has-text-align-center\">Novinka<\/h2>\n\n\n<div data-block-name=\"woocommerce\/product-new\" data-columns=\"4\" data-rows=\"1\" class=\"wc-block-grid wp-block-product-new wp-block-woocommerce-product-new wc-block-product-new has-4-columns\"><ul class=\"wc-block-grid__products\"><li class=\"wc-block-grid__product\">\n\t\t\t\t<a href=\"https:\/\/nd.gaz69.cz\/en\/produkt\/narazky-trubkove-konstrukce-gaz-69-gaz-69m-kompletni\/\" class=\"wc-block-grid__product-link\">\n\t\t\t\t\t\n\t\t\t\t\t<div class=\"wc-block-grid__product-image\"><img loading=\"lazy\" decoding=\"async\" width=\"324\" height=\"324\" src=\"https:\/\/nd.gaz69.cz\/wp-content\/uploads\/2026\/04\/IMG_20260414_185554-324x324.jpg\" class=\"attachment-woocommerce_thumbnail size-woocommerce_thumbnail\" alt=\"Nar\u00e1\u017eky trubkov\u00e9 konstrukce - Gaz 69, Gaz 69M - kompletn\u00ed\" srcset=\"https:\/\/nd.gaz69.cz\/wp-content\/uploads\/2026\/04\/IMG_20260414_185554-324x324.jpg 324w, https:\/\/nd.gaz69.cz\/wp-content\/uploads\/2026\/04\/IMG_20260414_185554-150x150.jpg 150w, https:\/\/nd.gaz69.cz\/wp-content\/uploads\/2026\/04\/IMG_20260414_185554-13x12.jpg 13w, https:\/\/nd.gaz69.cz\/wp-content\/uploads\/2026\/04\/IMG_20260414_185554-100x100.jpg 100w\" sizes=\"auto, (max-width: 324px) 100vw, 324px\" \/><\/div>\n\t\t\t\t\t<div class=\"wc-block-grid__product-title\">Nar\u00e1\u017eky trubkov\u00e9 konstrukce &#8211; Gaz 69, Gaz 69M &#8211; kompletn\u00ed<\/div>\n\t\t\t\t<\/a>\n\t\t\t\t<div class=\"wc-block-grid__product-price price\"><span class=\"woocommerce-Price-amount amount\">890,00&nbsp;<span class=\"woocommerce-Price-currencySymbol\">&#075;&#269;<\/span><\/span><\/div>\n\t\t\t\t\n\t\t\t\t<div class=\"wp-block-button wc-block-grid__product-add-to-cart\"><a href=\"\/en\/wp-json\/wp\/v2\/pages\/9?add-to-cart=5327\" aria-label=\"P\u0159idat do ko\u0161\u00edku: &ldquo;Nar\u00e1\u017eky trubkov\u00e9 konstrukce - Gaz 69, Gaz 69M - kompletn\u00ed&rdquo;\" data-quantity=\"1\" data-product_id=\"5327\" data-product_sku=\"\" data-price=\"890\" rel=\"nofollow\" class=\"wp-block-button__link  add_to_cart_button ajax_add_to_cart\">P\u0159idat do ko\u0161\u00edku<\/a><\/div>\n\t\t\t<\/li><li class=\"wc-block-grid__product\">\n\t\t\t\t<a href=\"https:\/\/nd.gaz69.cz\/en\/produkt\/viko-kloubu-radici-paky-hlavni-prevodovky-original\/\" class=\"wc-block-grid__product-link\">\n\t\t\t\t\t\n\t\t\t\t\t<div class=\"wc-block-grid__product-image\"><img loading=\"lazy\" decoding=\"async\" width=\"324\" height=\"324\" src=\"https:\/\/nd.gaz69.cz\/wp-content\/uploads\/2026\/04\/IMG_20260414_184501-324x324.jpg\" class=\"attachment-woocommerce_thumbnail size-woocommerce_thumbnail\" alt=\"V\u00edko kloubu \u0159ad\u00edc\u00ed p\u00e1ky hlavn\u00ed p\u0159evodovky - ORIGIN\u00c1L !\" srcset=\"https:\/\/nd.gaz69.cz\/wp-content\/uploads\/2026\/04\/IMG_20260414_184501-324x324.jpg 324w, https:\/\/nd.gaz69.cz\/wp-content\/uploads\/2026\/04\/IMG_20260414_184501-150x150.jpg 150w, https:\/\/nd.gaz69.cz\/wp-content\/uploads\/2026\/04\/IMG_20260414_184501-100x100.jpg 100w\" sizes=\"auto, (max-width: 324px) 100vw, 324px\" \/><\/div>\n\t\t\t\t\t<div class=\"wc-block-grid__product-title\">V\u00edko kloubu \u0159ad\u00edc\u00ed p\u00e1ky hlavn\u00ed p\u0159evodovky &#8211; ORIGIN\u00c1L !<\/div>\n\t\t\t\t<\/a>\n\t\t\t\t<div class=\"wc-block-grid__product-price price\"><span class=\"woocommerce-Price-amount amount\">690,00&nbsp;<span class=\"woocommerce-Price-currencySymbol\">&#075;&#269;<\/span><\/span><\/div>\n\t\t\t\t\n\t\t\t\t<div class=\"wp-block-button wc-block-grid__product-add-to-cart\"><a href=\"\/en\/wp-json\/wp\/v2\/pages\/9?add-to-cart=5323\" aria-label=\"P\u0159idat do ko\u0161\u00edku: &ldquo;V\u00edko kloubu \u0159ad\u00edc\u00ed p\u00e1ky hlavn\u00ed p\u0159evodovky - ORIGIN\u00c1L !&rdquo;\" data-quantity=\"1\" data-product_id=\"5323\" data-product_sku=\"\" data-price=\"690\" rel=\"nofollow\" class=\"wp-block-button__link  add_to_cart_button ajax_add_to_cart\">P\u0159idat do ko\u0161\u00edku<\/a><\/div>\n\t\t\t<\/li><li class=\"wc-block-grid__product\">\n\t\t\t\t<a href=\"https:\/\/nd.gaz69.cz\/en\/produkt\/rehtacka-rucni-brzdy-original\/\" class=\"wc-block-grid__product-link\">\n\t\t\t\t\t\n\t\t\t\t\t<div class=\"wc-block-grid__product-image\"><img loading=\"lazy\" decoding=\"async\" width=\"324\" height=\"324\" src=\"https:\/\/nd.gaz69.cz\/wp-content\/uploads\/2026\/04\/IMG_20260414_184652-324x324.jpg\" class=\"attachment-woocommerce_thumbnail size-woocommerce_thumbnail\" alt=\"\u0158ehta\u010dka ru\u010dn\u00ed brzdy - ORIGIN\u00c1L !\" srcset=\"https:\/\/nd.gaz69.cz\/wp-content\/uploads\/2026\/04\/IMG_20260414_184652-324x324.jpg 324w, https:\/\/nd.gaz69.cz\/wp-content\/uploads\/2026\/04\/IMG_20260414_184652-150x150.jpg 150w, https:\/\/nd.gaz69.cz\/wp-content\/uploads\/2026\/04\/IMG_20260414_184652-13x12.jpg 13w, https:\/\/nd.gaz69.cz\/wp-content\/uploads\/2026\/04\/IMG_20260414_184652-100x100.jpg 100w\" sizes=\"auto, (max-width: 324px) 100vw, 324px\" \/><\/div>\n\t\t\t\t\t<div class=\"wc-block-grid__product-title\">\u0158ehta\u010dka ru\u010dn\u00ed brzdy &#8211; ORIGIN\u00c1L !<\/div>\n\t\t\t\t<\/a>\n\t\t\t\t<div class=\"wc-block-grid__product-price price\"><span class=\"woocommerce-Price-amount amount\">490,00&nbsp;<span class=\"woocommerce-Price-currencySymbol\">&#075;&#269;<\/span><\/span><\/div>\n\t\t\t\t\n\t\t\t\t<div class=\"wp-block-button wc-block-grid__product-add-to-cart\"><a href=\"\/en\/wp-json\/wp\/v2\/pages\/9?add-to-cart=5320\" aria-label=\"P\u0159idat do ko\u0161\u00edku: &ldquo;\u0158ehta\u010dka ru\u010dn\u00ed brzdy - ORIGIN\u00c1L !&rdquo;\" data-quantity=\"1\" data-product_id=\"5320\" data-product_sku=\"\" data-price=\"490\" rel=\"nofollow\" class=\"wp-block-button__link  add_to_cart_button ajax_add_to_cart\">P\u0159idat do ko\u0161\u00edku<\/a><\/div>\n\t\t\t<\/li><li class=\"wc-block-grid__product\">\n\t\t\t\t<a href=\"https:\/\/nd.gaz69.cz\/en\/produkt\/kolinko-podtlakoveho-regulatoru-rozdelovace-original\/\" class=\"wc-block-grid__product-link\">\n\t\t\t\t\t\n\t\t\t\t\t<div class=\"wc-block-grid__product-image\"><img loading=\"lazy\" decoding=\"async\" width=\"324\" height=\"324\" src=\"https:\/\/nd.gaz69.cz\/wp-content\/uploads\/2026\/04\/IMG_20260414_185325-324x324.jpg\" class=\"attachment-woocommerce_thumbnail size-woocommerce_thumbnail\" alt=\"Kol\u00ednko podtlakov\u00e9ho regul\u00e1toru rozd\u011blova\u010de - ORIGIN\u00c1L !\" srcset=\"https:\/\/nd.gaz69.cz\/wp-content\/uploads\/2026\/04\/IMG_20260414_185325-324x324.jpg 324w, https:\/\/nd.gaz69.cz\/wp-content\/uploads\/2026\/04\/IMG_20260414_185325-150x150.jpg 150w, https:\/\/nd.gaz69.cz\/wp-content\/uploads\/2026\/04\/IMG_20260414_185325-13x12.jpg 13w, https:\/\/nd.gaz69.cz\/wp-content\/uploads\/2026\/04\/IMG_20260414_185325-100x100.jpg 100w\" sizes=\"auto, (max-width: 324px) 100vw, 324px\" \/><\/div>\n\t\t\t\t\t<div class=\"wc-block-grid__product-title\">Kol\u00ednko podtlakov\u00e9ho regul\u00e1toru rozd\u011blova\u010de &#8211; ORIGIN\u00c1L !<\/div>\n\t\t\t\t<\/a>\n\t\t\t\t<div class=\"wc-block-grid__product-price price\"><span class=\"woocommerce-Price-amount amount\">650,00&nbsp;<span class=\"woocommerce-Price-currencySymbol\">&#075;&#269;<\/span><\/span><\/div>\n\t\t\t\t\n\t\t\t\t<div class=\"wp-block-button wc-block-grid__product-add-to-cart\"><a href=\"\/en\/wp-json\/wp\/v2\/pages\/9?add-to-cart=5314\" aria-label=\"P\u0159idat do ko\u0161\u00edku: &ldquo;Kol\u00ednko podtlakov\u00e9ho regul\u00e1toru rozd\u011blova\u010de - ORIGIN\u00c1L !&rdquo;\" data-quantity=\"1\" data-product_id=\"5314\" data-product_sku=\"\" data-price=\"650\" rel=\"nofollow\" class=\"wp-block-button__link  add_to_cart_button ajax_add_to_cart\">P\u0159idat do ko\u0161\u00edku<\/a><\/div>\n\t\t\t<\/li><\/ul><\/div><\/div>\n<\/div>\n","protected":false},"excerpt":{"rendered":"","protected":false},"author":1,"featured_media":0,"parent":8,"menu_order":0,"comment_status":"closed","ping_status":"closed","template":"template-fullwidth.php","meta":{"footnotes":""},"class_list":["post-9","page","type-page","status-publish","hentry"],"_links":{"self":[{"href":"https:\/\/nd.gaz69.cz\/en\/wp-json\/wp\/v2\/pages\/9","targetHints":{"allow":["GET"]}}],"collection":[{"href":"https:\/\/nd.gaz69.cz\/en\/wp-json\/wp\/v2\/pages"}],"about":[{"href":"https:\/\/nd.gaz69.cz\/en\/wp-json\/wp\/v2\/types\/page"}],"author":[{"embeddable":true,"href":"https:\/\/nd.gaz69.cz\/en\/wp-json\/wp\/v2\/users\/1"}],"replies":[{"embeddable":true,"href":"https:\/\/nd.gaz69.cz\/en\/wp-json\/wp\/v2\/comments?post=9"}],"version-history":[{"count":2,"href":"https:\/\/nd.gaz69.cz\/en\/wp-json\/wp\/v2\/pages\/9\/revisions"}],"predecessor-version":[{"id":1132,"href":"https:\/\/nd.gaz69.cz\/en\/wp-json\/wp\/v2\/pages\/9\/revisions\/1132"}],"up":[{"embeddable":true,"href":"https:\/\/nd.gaz69.cz\/en\/wp-json\/wp\/v2\/pages\/8"}],"wp:attachment":[{"href":"https:\/\/nd.gaz69.cz\/en\/wp-json\/wp\/v2\/media?parent=9"}],"curies":[{"name":"wp","href":"https:\/\/api.w.org\/{rel}","templated":true}]}}