{"id":570,"date":"2024-04-05T15:03:08","date_gmt":"2024-04-05T13:03:08","guid":{"rendered":"https:\/\/nd.gaz69.cz\/?page_id=570"},"modified":"2024-05-07T16:09:41","modified_gmt":"2024-05-07T14:09:41","slug":"zpusoby-uhrady","status":"publish","type":"page","link":"https:\/\/nd.gaz69.cz\/en\/uvod\/zpusoby-uhrady\/","title":{"rendered":"Zp\u016fsoby \u00fahrady"},"content":{"rendered":"<p><strong>Objednan\u00e9 zbo\u017e\u00ed je mo\u017eno zaplatit n\u00e1sleduj\u00edc\u00edm zp\u016fsobem:<\/strong><\/p>\n<ul>\n<li>hotov\u011b p\u0159i osobn\u00edm odb\u011bru<\/li>\n<li>dob\u00edrkou* &#8211; plat\u00ed jen pro \u010cR a SR<\/li>\n<li>bankovn\u00edm p\u0159evodem** p\u0159ed p\u0159ed\u00e1n\u00edm zbo\u017e\u00ed dopravci<\/li>\n<\/ul>\n<p>* plat\u00ed jen pro \u010cR a SR<br \/>\n** zbo\u017e\u00ed bude p\u0159ed\u00e1no dopravci a\u017e po p\u0159ips\u00e1n\u00ed \u010d\u00e1stky na \u00fa\u010det prod\u00e1vaj\u00edc\u00edho<\/p>\n<p><strong><em>Platebn\u00ed \u00fadaje:<\/em><\/strong><\/p>\n<p>\u010c\u00cdSLO \u00da\u010cTU:<\/p>\n<p><strong>1652157163\/0800<\/strong><\/p>\n<p>IBAN:<\/p>\n<p><strong>CZ66 0800 0000 0016 5215 7163<\/strong><\/p>\n<p>BIC:<\/p>\n<p><strong>GIBACZPX<\/strong><\/p>\n","protected":false},"excerpt":{"rendered":"<p>Objednan\u00e9 zbo\u017e\u00ed je mo\u017eno zaplatit n\u00e1sleduj\u00edc\u00edm zp\u016fsobem: hotov\u011b p\u0159i osobn\u00edm odb\u011bru dob\u00edrkou* &#8211; plat\u00ed jen pro \u010cR a SR bankovn\u00edm p\u0159evodem** p\u0159ed p\u0159ed\u00e1n\u00edm zbo\u017e\u00ed dopravci * plat\u00ed jen pro \u010cR a SR ** zbo\u017e\u00ed bude p\u0159ed\u00e1no dopravci a\u017e po p\u0159ips\u00e1n\u00ed \u010d\u00e1stky na \u00fa\u010det prod\u00e1vaj\u00edc\u00edho Platebn\u00ed \u00fadaje: \u010c\u00cdSLO \u00da\u010cTU: 1652157163\/0800 IBAN: CZ66 0800 0000 0016 5215 [&hellip;]<\/p>\n","protected":false},"author":1,"featured_media":0,"parent":26,"menu_order":0,"comment_status":"closed","ping_status":"closed","template":"","meta":{"footnotes":""},"class_list":["post-570","page","type-page","status-publish","hentry"],"_links":{"self":[{"href":"https:\/\/nd.gaz69.cz\/en\/wp-json\/wp\/v2\/pages\/570","targetHints":{"allow":["GET"]}}],"collection":[{"href":"https:\/\/nd.gaz69.cz\/en\/wp-json\/wp\/v2\/pages"}],"about":[{"href":"https:\/\/nd.gaz69.cz\/en\/wp-json\/wp\/v2\/types\/page"}],"author":[{"embeddable":true,"href":"https:\/\/nd.gaz69.cz\/en\/wp-json\/wp\/v2\/users\/1"}],"replies":[{"embeddable":true,"href":"https:\/\/nd.gaz69.cz\/en\/wp-json\/wp\/v2\/comments?post=570"}],"version-history":[{"count":3,"href":"https:\/\/nd.gaz69.cz\/en\/wp-json\/wp\/v2\/pages\/570\/revisions"}],"predecessor-version":[{"id":1333,"href":"https:\/\/nd.gaz69.cz\/en\/wp-json\/wp\/v2\/pages\/570\/revisions\/1333"}],"up":[{"embeddable":true,"href":"https:\/\/nd.gaz69.cz\/en\/wp-json\/wp\/v2\/pages\/26"}],"wp:attachment":[{"href":"https:\/\/nd.gaz69.cz\/en\/wp-json\/wp\/v2\/media?parent=570"}],"curies":[{"name":"wp","href":"https:\/\/api.w.org\/{rel}","templated":true}]}}