{"id":561,"date":"2024-04-05T14:59:11","date_gmt":"2024-04-05T12:59:11","guid":{"rendered":"https:\/\/nd.gaz69.cz\/?page_id=561"},"modified":"2024-08-30T09:40:37","modified_gmt":"2024-08-30T07:40:37","slug":"moznosti-doruceni","status":"publish","type":"page","link":"https:\/\/nd.gaz69.cz\/en\/uvod\/moznosti-doruceni\/","title":{"rendered":"Mo\u017enosti doru\u010den\u00ed"},"content":{"rendered":"<p><em><strong>Zp\u016fsoby doru\u010den\u00ed z\u00e1vis\u00ed na c\u00edlov\u00e9 destinaci. Mo\u017enosti jsou:<\/strong><\/em><\/p>\n<p><em># <strong>\u010cesk\u00e1 republika<\/strong><\/em><\/p>\n<ul>\n<li>osobn\u00ed odb\u011br<\/li>\n<li>Z\u00e1silkovna<\/li>\n<li>PPL<\/li>\n<\/ul>\n<p><em>#<strong> Slovensk\u00e1 republika<\/strong><\/em><\/p>\n<ul>\n<li>Z\u00e1silkovna<\/li>\n<li>PPL<\/li>\n<\/ul>\n<p><em># <strong>Ostatn\u00ed z\u011bm\u011b Evropy<\/strong><\/em><\/p>\n<p>( <span class=\"BxUVEf ILfuVd\" lang=\"cs\"><span class=\"hgKElc\"> Belgie, Estonsko, Finsko, Francie, Chorvatsko, Irsko, It\u00e1lie, Kypr, Litva, Loty\u0161sko, Lucembursko, Malta, N\u011bmecko, Nizozemsko, Portugalsko, Rakousko, \u0158ecko, Slovensko, Slovinsko a \u0160pan\u011blsko<\/span><\/span> )<\/p>\n<ul>\n<li>PPL<\/li>\n<li><strong>Do v\u00fd\u0161e uveden\u00fdch zem\u00ed, bude doprava spo\u010d\u00edt\u00e1na individu\u00e1ln\u011b u ka\u017ed\u00e9 objedn\u00e1vky, dle jej\u00ed velikosti a v\u00e1hy. Cena dopravy bude n\u00e1sledn\u011b uvedena ve vystaven\u00e9 faktu\u0159e, kter\u00e1 bude zasl\u00e1na do e-mailu z\u00e1kazn\u00edka.<\/strong><\/li>\n<\/ul>\n","protected":false},"excerpt":{"rendered":"<p>Zp\u016fsoby doru\u010den\u00ed z\u00e1vis\u00ed na c\u00edlov\u00e9 destinaci. Mo\u017enosti jsou: # \u010cesk\u00e1 republika osobn\u00ed odb\u011br Z\u00e1silkovna PPL # Slovensk\u00e1 republika Z\u00e1silkovna PPL # Ostatn\u00ed z\u011bm\u011b Evropy ( Belgie, Estonsko, Finsko, Francie, Chorvatsko, Irsko, It\u00e1lie, Kypr, Litva, Loty\u0161sko, Lucembursko, Malta, N\u011bmecko, Nizozemsko, Portugalsko, Rakousko, \u0158ecko, Slovensko, Slovinsko a \u0160pan\u011blsko ) PPL Do v\u00fd\u0161e uveden\u00fdch zem\u00ed, bude doprava spo\u010d\u00edt\u00e1na [&hellip;]<\/p>\n","protected":false},"author":1,"featured_media":0,"parent":26,"menu_order":0,"comment_status":"closed","ping_status":"closed","template":"","meta":{"footnotes":""},"class_list":["post-561","page","type-page","status-publish","hentry"],"_links":{"self":[{"href":"https:\/\/nd.gaz69.cz\/en\/wp-json\/wp\/v2\/pages\/561","targetHints":{"allow":["GET"]}}],"collection":[{"href":"https:\/\/nd.gaz69.cz\/en\/wp-json\/wp\/v2\/pages"}],"about":[{"href":"https:\/\/nd.gaz69.cz\/en\/wp-json\/wp\/v2\/types\/page"}],"author":[{"embeddable":true,"href":"https:\/\/nd.gaz69.cz\/en\/wp-json\/wp\/v2\/users\/1"}],"replies":[{"embeddable":true,"href":"https:\/\/nd.gaz69.cz\/en\/wp-json\/wp\/v2\/comments?post=561"}],"version-history":[{"count":6,"href":"https:\/\/nd.gaz69.cz\/en\/wp-json\/wp\/v2\/pages\/561\/revisions"}],"predecessor-version":[{"id":2212,"href":"https:\/\/nd.gaz69.cz\/en\/wp-json\/wp\/v2\/pages\/561\/revisions\/2212"}],"up":[{"embeddable":true,"href":"https:\/\/nd.gaz69.cz\/en\/wp-json\/wp\/v2\/pages\/26"}],"wp:attachment":[{"href":"https:\/\/nd.gaz69.cz\/en\/wp-json\/wp\/v2\/media?parent=561"}],"curies":[{"name":"wp","href":"https:\/\/api.w.org\/{rel}","templated":true}]}}