{"id":512,"date":"2024-04-05T14:26:34","date_gmt":"2024-04-05T12:26:34","guid":{"rendered":"https:\/\/nd.gaz69.cz\/?page_id=512"},"modified":"2024-04-30T12:27:17","modified_gmt":"2024-04-30T10:27:17","slug":"kontakt","status":"publish","type":"page","link":"https:\/\/nd.gaz69.cz\/en\/uvod\/kontakt\/","title":{"rendered":"Prod\u00e1vaj\u00edc\u00ed &#8211; kontaktn\u00ed informace"},"content":{"rendered":"<p><strong>Prod\u00e1vaj\u00edc\u00ed:<\/strong><br \/>\nMgr. Kamil Vr\u00e1na<br \/>\nMl\u00fdnsk\u00e1 663<br \/>\n763 31 Brumov \u2013 Bylnice<\/p>\n<p>I\u010cO : 19846550<\/p>\n<p>Tel: +420 605 903 553<br \/>\ne-mail: nd.gaz69@seznam.cz<\/p>\n","protected":false},"excerpt":{"rendered":"<p>Prod\u00e1vaj\u00edc\u00ed: Mgr. Kamil Vr\u00e1na Ml\u00fdnsk\u00e1 663 763 31 Brumov \u2013 Bylnice I\u010cO : 19846550 Tel: +420 605 903 553 e-mail: nd.gaz69@seznam.cz<\/p>\n","protected":false},"author":1,"featured_media":0,"parent":26,"menu_order":0,"comment_status":"closed","ping_status":"closed","template":"","meta":{"footnotes":""},"class_list":["post-512","page","type-page","status-publish","hentry"],"_links":{"self":[{"href":"https:\/\/nd.gaz69.cz\/en\/wp-json\/wp\/v2\/pages\/512","targetHints":{"allow":["GET"]}}],"collection":[{"href":"https:\/\/nd.gaz69.cz\/en\/wp-json\/wp\/v2\/pages"}],"about":[{"href":"https:\/\/nd.gaz69.cz\/en\/wp-json\/wp\/v2\/types\/page"}],"author":[{"embeddable":true,"href":"https:\/\/nd.gaz69.cz\/en\/wp-json\/wp\/v2\/users\/1"}],"replies":[{"embeddable":true,"href":"https:\/\/nd.gaz69.cz\/en\/wp-json\/wp\/v2\/comments?post=512"}],"version-history":[{"count":4,"href":"https:\/\/nd.gaz69.cz\/en\/wp-json\/wp\/v2\/pages\/512\/revisions"}],"predecessor-version":[{"id":580,"href":"https:\/\/nd.gaz69.cz\/en\/wp-json\/wp\/v2\/pages\/512\/revisions\/580"}],"up":[{"embeddable":true,"href":"https:\/\/nd.gaz69.cz\/en\/wp-json\/wp\/v2\/pages\/26"}],"wp:attachment":[{"href":"https:\/\/nd.gaz69.cz\/en\/wp-json\/wp\/v2\/media?parent=512"}],"curies":[{"name":"wp","href":"https:\/\/api.w.org\/{rel}","templated":true}]}}